{"id":5023,"date":"2022-08-06T13:47:15","date_gmt":"2022-08-06T13:47:15","guid":{"rendered":"https:\/\/instrum.hu\/adatkezelesi-tajekoztato\/"},"modified":"2023-06-19T12:57:52","modified_gmt":"2023-06-19T12:57:52","slug":"adatkezelesi-tajekoztato","status":"publish","type":"page","link":"https:\/\/instrum.hu\/en\/adatkezelesi-tajekoztato\/","title":{"rendered":"Privacy notice"},"content":{"rendered":"<section id=\"bt_section69f0cc9f7e2c4\"  class=\"boldSection gutter \" ><div class=\"port\"><div class=\"boldCell\"><div class=\"boldCellInner\"><div class=\"boldRow \" ><div class=\"boldRowInner\"><div class=\"rowItem col-md-12 col-ms-12  btTextLeft\"  data-width=\"12\"><div class=\"rowItemContent\" ><div class=\"btClear btSeparator topSpaced noBorder\" ><hr><\/div><div class=\"btText\" ><\/p>\n<p style=\"text-align: justify;\"><strong>Our privacy notice is available in Hungarian <a href=\"https:\/\/instrum.hu\/adatkezelesi-tajekoztato\/\">by clicking here<\/a>. We are working on making the notice available in all languages of the website.<\/strong><\/p>\n<p>\n<\/div><div class=\"btClear btSeparator topSpaced noBorder\" ><hr><\/div><\/div><\/div><\/div><\/div><\/div><\/div><\/div><\/section>\n","protected":false},"excerpt":{"rendered":"<p>The data manager (Instrum Ltd.) hereby informs the users of the website in connection with the processing of data.<\/p>\n","protected":false},"author":1,"featured_media":4885,"parent":0,"menu_order":0,"comment_status":"closed","ping_status":"open","template":"","meta":{"footnotes":""},"class_list":["post-5023","page","type-page","status-publish","has-post-thumbnail","hentry"],"yoast_head":"<!-- This site is optimized with the Yoast SEO plugin v23.8 - https:\/\/yoast.com\/wordpress\/plugins\/seo\/ -->\n<title>Privacy notice - Instrum<\/title>\n<meta name=\"description\" content=\"The data manager (Instrum Ltd.) hereby informs the users of the website in connection with the processing of data.\" \/>\n<meta name=\"robots\" content=\"index, follow, max-snippet:-1, max-image-preview:large, max-video-preview:-1\" \/>\n<link rel=\"canonical\" href=\"https:\/\/instrum.hu\/en\/adatkezelesi-tajekoztato\/\" \/>\n<meta property=\"og:locale\" content=\"en_US\" \/>\n<meta property=\"og:type\" content=\"article\" \/>\n<meta property=\"og:title\" content=\"Privacy notice - Instrum\" \/>\n<meta property=\"og:description\" content=\"The data manager (Instrum Ltd.) hereby informs the users of the website in connection with the processing of data.\" \/>\n<meta property=\"og:url\" content=\"https:\/\/instrum.hu\/en\/adatkezelesi-tajekoztato\/\" \/>\n<meta property=\"og:site_name\" content=\"Instrum\" \/>\n<meta property=\"article:publisher\" content=\"https:\/\/www.facebook.com\/instrum.hu\" \/>\n<meta property=\"article:modified_time\" content=\"2023-06-19T12:57:52+00:00\" \/>\n<meta property=\"og:image\" content=\"https:\/\/instrum.hu\/wp-content\/uploads\/2023\/04\/INST-aloldal-header_A_v1.jpg\" \/>\n\t<meta property=\"og:image:width\" content=\"1800\" \/>\n\t<meta property=\"og:image:height\" content=\"452\" \/>\n\t<meta property=\"og:image:type\" content=\"image\/jpeg\" \/>\n<meta name=\"twitter:card\" content=\"summary_large_image\" \/>\n<meta name=\"twitter:label1\" content=\"Est. reading time\" \/>\n\t<meta name=\"twitter:data1\" content=\"1 minute\" \/>\n<script type=\"application\/ld+json\" class=\"yoast-schema-graph\">{\"@context\":\"https:\/\/schema.org\",\"@graph\":[{\"@type\":\"WebPage\",\"@id\":\"https:\/\/instrum.hu\/en\/adatkezelesi-tajekoztato\/\",\"url\":\"https:\/\/instrum.hu\/en\/adatkezelesi-tajekoztato\/\",\"name\":\"Privacy notice - Instrum\",\"isPartOf\":{\"@id\":\"https:\/\/instrum.hu\/en\/#website\"},\"primaryImageOfPage\":{\"@id\":\"https:\/\/instrum.hu\/en\/adatkezelesi-tajekoztato\/#primaryimage\"},\"image\":{\"@id\":\"https:\/\/instrum.hu\/en\/adatkezelesi-tajekoztato\/#primaryimage\"},\"thumbnailUrl\":\"https:\/\/instrum.hu\/wp-content\/uploads\/2023\/04\/INST-aloldal-header_A_v1.jpg\",\"datePublished\":\"2022-08-06T13:47:15+00:00\",\"dateModified\":\"2023-06-19T12:57:52+00:00\",\"description\":\"The data manager (Instrum Ltd.) hereby informs the users of the website in connection with the processing of data.\",\"breadcrumb\":{\"@id\":\"https:\/\/instrum.hu\/en\/adatkezelesi-tajekoztato\/#breadcrumb\"},\"inLanguage\":\"en-US\",\"potentialAction\":[{\"@type\":\"ReadAction\",\"target\":[\"https:\/\/instrum.hu\/en\/adatkezelesi-tajekoztato\/\"]}]},{\"@type\":\"ImageObject\",\"inLanguage\":\"en-US\",\"@id\":\"https:\/\/instrum.hu\/en\/adatkezelesi-tajekoztato\/#primaryimage\",\"url\":\"https:\/\/instrum.hu\/wp-content\/uploads\/2023\/04\/INST-aloldal-header_A_v1.jpg\",\"contentUrl\":\"https:\/\/instrum.hu\/wp-content\/uploads\/2023\/04\/INST-aloldal-header_A_v1.jpg\",\"width\":1800,\"height\":452},{\"@type\":\"BreadcrumbList\",\"@id\":\"https:\/\/instrum.hu\/en\/adatkezelesi-tajekoztato\/#breadcrumb\",\"itemListElement\":[{\"@type\":\"ListItem\",\"position\":1,\"name\":\"Kezd\u0151lap\",\"item\":\"https:\/\/instrum.hu\/en\/\"},{\"@type\":\"ListItem\",\"position\":2,\"name\":\"Privacy notice\"}]},{\"@type\":\"WebSite\",\"@id\":\"https:\/\/instrum.hu\/en\/#website\",\"url\":\"https:\/\/instrum.hu\/en\/\",\"name\":\"Instrum\",\"description\":\"CNC hosszeszterg\u00e1l\u00e1s, eszterg\u00e1l\u00e1s, k\u00f6sz\u00f6r\u00fcl\u00e9s - a NAVIGATOR Csoport tagja\",\"publisher\":{\"@id\":\"https:\/\/instrum.hu\/en\/#organization\"},\"potentialAction\":[{\"@type\":\"SearchAction\",\"target\":{\"@type\":\"EntryPoint\",\"urlTemplate\":\"https:\/\/instrum.hu\/en\/?s={search_term_string}\"},\"query-input\":{\"@type\":\"PropertyValueSpecification\",\"valueRequired\":true,\"valueName\":\"search_term_string\"}}],\"inLanguage\":\"en-US\"},{\"@type\":\"Organization\",\"@id\":\"https:\/\/instrum.hu\/en\/#organization\",\"name\":\"Instrum Kft.\",\"url\":\"https:\/\/instrum.hu\/en\/\",\"logo\":{\"@type\":\"ImageObject\",\"inLanguage\":\"en-US\",\"@id\":\"https:\/\/instrum.hu\/en\/#\/schema\/logo\/image\/\",\"url\":\"https:\/\/instrum.hu\/wp-content\/uploads\/2023\/04\/INST-logo_v3.png\",\"contentUrl\":\"https:\/\/instrum.hu\/wp-content\/uploads\/2023\/04\/INST-logo_v3.png\",\"width\":700,\"height\":300,\"caption\":\"Instrum Kft.\"},\"image\":{\"@id\":\"https:\/\/instrum.hu\/en\/#\/schema\/logo\/image\/\"},\"sameAs\":[\"https:\/\/www.facebook.com\/instrum.hu\"]}]}<\/script>\n<!-- \/ Yoast SEO plugin. -->","yoast_head_json":{"title":"Privacy notice - Instrum","description":"The data manager (Instrum Ltd.) hereby informs the users of the website in connection with the processing of data.","robots":{"index":"index","follow":"follow","max-snippet":"max-snippet:-1","max-image-preview":"max-image-preview:large","max-video-preview":"max-video-preview:-1"},"canonical":"https:\/\/instrum.hu\/en\/adatkezelesi-tajekoztato\/","og_locale":"en_US","og_type":"article","og_title":"Privacy notice - Instrum","og_description":"The data manager (Instrum Ltd.) hereby informs the users of the website in connection with the processing of data.","og_url":"https:\/\/instrum.hu\/en\/adatkezelesi-tajekoztato\/","og_site_name":"Instrum","article_publisher":"https:\/\/www.facebook.com\/instrum.hu","article_modified_time":"2023-06-19T12:57:52+00:00","og_image":[{"width":1800,"height":452,"url":"https:\/\/instrum.hu\/wp-content\/uploads\/2023\/04\/INST-aloldal-header_A_v1.jpg","type":"image\/jpeg"}],"twitter_card":"summary_large_image","twitter_misc":{"Est. reading time":"1 minute"},"schema":{"@context":"https:\/\/schema.org","@graph":[{"@type":"WebPage","@id":"https:\/\/instrum.hu\/en\/adatkezelesi-tajekoztato\/","url":"https:\/\/instrum.hu\/en\/adatkezelesi-tajekoztato\/","name":"Privacy notice - Instrum","isPartOf":{"@id":"https:\/\/instrum.hu\/en\/#website"},"primaryImageOfPage":{"@id":"https:\/\/instrum.hu\/en\/adatkezelesi-tajekoztato\/#primaryimage"},"image":{"@id":"https:\/\/instrum.hu\/en\/adatkezelesi-tajekoztato\/#primaryimage"},"thumbnailUrl":"https:\/\/instrum.hu\/wp-content\/uploads\/2023\/04\/INST-aloldal-header_A_v1.jpg","datePublished":"2022-08-06T13:47:15+00:00","dateModified":"2023-06-19T12:57:52+00:00","description":"The data manager (Instrum Ltd.) hereby informs the users of the website in connection with the processing of data.","breadcrumb":{"@id":"https:\/\/instrum.hu\/en\/adatkezelesi-tajekoztato\/#breadcrumb"},"inLanguage":"en-US","potentialAction":[{"@type":"ReadAction","target":["https:\/\/instrum.hu\/en\/adatkezelesi-tajekoztato\/"]}]},{"@type":"ImageObject","inLanguage":"en-US","@id":"https:\/\/instrum.hu\/en\/adatkezelesi-tajekoztato\/#primaryimage","url":"https:\/\/instrum.hu\/wp-content\/uploads\/2023\/04\/INST-aloldal-header_A_v1.jpg","contentUrl":"https:\/\/instrum.hu\/wp-content\/uploads\/2023\/04\/INST-aloldal-header_A_v1.jpg","width":1800,"height":452},{"@type":"BreadcrumbList","@id":"https:\/\/instrum.hu\/en\/adatkezelesi-tajekoztato\/#breadcrumb","itemListElement":[{"@type":"ListItem","position":1,"name":"Kezd\u0151lap","item":"https:\/\/instrum.hu\/en\/"},{"@type":"ListItem","position":2,"name":"Privacy notice"}]},{"@type":"WebSite","@id":"https:\/\/instrum.hu\/en\/#website","url":"https:\/\/instrum.hu\/en\/","name":"Instrum","description":"CNC hosszeszterg\u00e1l\u00e1s, eszterg\u00e1l\u00e1s, k\u00f6sz\u00f6r\u00fcl\u00e9s - a NAVIGATOR Csoport tagja","publisher":{"@id":"https:\/\/instrum.hu\/en\/#organization"},"potentialAction":[{"@type":"SearchAction","target":{"@type":"EntryPoint","urlTemplate":"https:\/\/instrum.hu\/en\/?s={search_term_string}"},"query-input":{"@type":"PropertyValueSpecification","valueRequired":true,"valueName":"search_term_string"}}],"inLanguage":"en-US"},{"@type":"Organization","@id":"https:\/\/instrum.hu\/en\/#organization","name":"Instrum Kft.","url":"https:\/\/instrum.hu\/en\/","logo":{"@type":"ImageObject","inLanguage":"en-US","@id":"https:\/\/instrum.hu\/en\/#\/schema\/logo\/image\/","url":"https:\/\/instrum.hu\/wp-content\/uploads\/2023\/04\/INST-logo_v3.png","contentUrl":"https:\/\/instrum.hu\/wp-content\/uploads\/2023\/04\/INST-logo_v3.png","width":700,"height":300,"caption":"Instrum Kft."},"image":{"@id":"https:\/\/instrum.hu\/en\/#\/schema\/logo\/image\/"},"sameAs":["https:\/\/www.facebook.com\/instrum.hu"]}]}},"_links":{"self":[{"href":"https:\/\/instrum.hu\/en\/wp-json\/wp\/v2\/pages\/5023","targetHints":{"allow":["GET"]}}],"collection":[{"href":"https:\/\/instrum.hu\/en\/wp-json\/wp\/v2\/pages"}],"about":[{"href":"https:\/\/instrum.hu\/en\/wp-json\/wp\/v2\/types\/page"}],"author":[{"embeddable":true,"href":"https:\/\/instrum.hu\/en\/wp-json\/wp\/v2\/users\/1"}],"replies":[{"embeddable":true,"href":"https:\/\/instrum.hu\/en\/wp-json\/wp\/v2\/comments?post=5023"}],"version-history":[{"count":3,"href":"https:\/\/instrum.hu\/en\/wp-json\/wp\/v2\/pages\/5023\/revisions"}],"predecessor-version":[{"id":5029,"href":"https:\/\/instrum.hu\/en\/wp-json\/wp\/v2\/pages\/5023\/revisions\/5029"}],"wp:featuredmedia":[{"embeddable":true,"href":"https:\/\/instrum.hu\/en\/wp-json\/wp\/v2\/media\/4885"}],"wp:attachment":[{"href":"https:\/\/instrum.hu\/en\/wp-json\/wp\/v2\/media?parent=5023"}],"curies":[{"name":"wp","href":"https:\/\/api.w.org\/{rel}","templated":true}]}}