{"id":4994,"date":"2016-07-22T10:20:20","date_gmt":"2016-07-22T10:20:20","guid":{"rendered":"https:\/\/instrum.hu\/contact\/"},"modified":"2025-04-17T07:48:22","modified_gmt":"2025-04-17T07:48:22","slug":"contact","status":"publish","type":"page","link":"https:\/\/instrum.hu\/en\/contact\/","title":{"rendered":"Contact"},"content":{"rendered":"<p><section id=\"bt_section6a04668a61e2d\"  class=\"boldSection inherit\" ><div class=\"port\"><div class=\"boldCell\"><div class=\"boldCellInner\"><div class=\"boldRow \" ><div class=\"boldRowInner\"><div class=\"rowItem col-md-12 col-ms-12  btTextLeft inherit\"  data-width=\"12\"><div class=\"rowItemContent\" >\n\t\t<div class=\"btGoogleMapsWrapper gutter\"><div class=\"btGoogleMapsContainer btGoogleMapsContainerWithContent \" id=\"map_canvas6a04668a62122\" style=\"height:800px;;\" ><\/div><div class=\"btGoogleMapsContent port\"><div class=\"btGoogleMapsWrap\"><div class=\"bpgPhoto btDefaultHoverType\" ><div class = \"btImage\"><img decoding=\"async\" src=\"https:\/\/instrum.hu\/wp-content\/uploads\/2023\/05\/INST-kapcsolat-k1_v2.jpg\" alt=\"\" title=\"\"><\/div><\/div><div class=\"btClear btSeparator topSmallSpaced noBorder\" ><hr><\/div><header class=\"header btClear small btDash bottomDash  regular\" ><div class=\"btSuperTitle\"><span>T\u00d6K\u00d6L, PEST COUNTY<\/span><\/div><div class=\"dash\"><h4><span class=\"headline\">Contact<\/span><\/h4><\/div><div class=\"btSubTitle\">Please contact us at the following contact details<\/div><\/header><div class=\"btClear btSeparator topSmallSpaced noBorder\" ><hr><\/div><span class=\"btIco btIcoDefaultType btIcoSmallSize btIcoDefaultColor btIconCircleShape\"><a href=\"tel:+3624489415\"  target=\"no_target\" data-ico-fa=\"&#xf095;\" class=\"btIcoHolder\"><span>+36 24 489 415<\/span><\/a><\/span><div class=\"btClear btSeparator noBorder\" ><hr><\/div><span class=\"btIco btIcoDefaultType btIcoSmallSize btIcoDefaultColor btIconCircleShape\"><a href=\"mailto:instrum@instrum.hu\"  target=\"_self\" data-ico-fa=\"&#xf0e0;\" class=\"btIcoHolder\"><span>instrum@instrum.hu<\/span><\/a><\/span><div class=\"btClear btSeparator noBorder\" ><hr><\/div><span class=\"btIco btIcoDefaultType btIcoSmallSize btIcoDefaultColor btIconCircleShape\"><a href=\"#\"  target=\"_self\" data-ico-fa=\"&#xf0c1;\" class=\"btIcoHolder\"><span>www.instrum.hu<\/span><\/a><\/span><div class=\"btClear btSeparator noBorder\" ><hr><\/div><div class=\"btClear btSeparator topSmallSpaced bottomSmallSpaced border\" ><hr><\/div><header class=\"header btClear small btDash bottomDash  regular\" ><div class=\"btSuperTitle\"><span>SOCIAL MEDIA<\/span><\/div><div class=\"dash\"><h4><span class=\"headline\">Follow us<\/span><\/h4><\/div><div class=\"btSubTitle\">Instrum is also present on the following platforms &#8211; follow our activities<\/div><\/header><div class=\"btClear btSeparator bottomSmallSpaced noBorder\" ><hr><\/div><span class=\"btIco btIcoFilledType btIcoSmallSize btIcoAccentColor btIconCircleShape\"><a href=\"https:\/\/www.facebook.com\/instrum.hu\"  target=\"no_target\" data-ico-fa=\"&#xf09a;\" class=\"btIcoHolder\"><\/a><\/span><span class=\"btIco btIcoFilledType btIcoSmallSize btIcoAccentColor btIconCircleShape\"><a href=\"https:\/\/www.linkedin.com\/company\/instrum-ltd\/\"  target=\"no_target\" data-ico-fa=\"&#xf0e1;\" class=\"btIcoHolder\"><\/a><\/span><div class=\"btClear btSeparator bottomSmallSpaced noBorder\" ><hr><\/div><\/div><\/div><\/div>\n\t\t<script type=\"text\/javascript\">\n\t\t\tjQuery( document ).ready(function() {\n\t\t\t\tbt_gmap_init( map_canvas6a04668a62122, 47.306887246472925, 18.97113934602322, 13, \"https:\/\/instrum.hu\/wp-content\/uploads\/2016\/07\/pin_yellow.png\", \"\", \"\", \"\", \"WwogICAgewogICAgICAgICJmZWF0dXJlVHlwZSI6ICJhZG1pbmlzdHJhdGl2ZSIsCiAgICAgICAgImVsZW1lbnRUeXBlIjogImxhYmVscy50ZXh0LmZpbGwiLAogICAgICAgICJzdHlsZXJzIjogWwogICAgICAgICAgICB7CiAgICAgICAgICAgICAgICAiY29sb3IiOiAiIzQ0NDQ0NCIKICAgICAgICAgICAgfQogICAgICAgIF0KICAgIH0sCiAgICB7CiAgICAgICAgImZlYXR1cmVUeXBlIjogImxhbmRzY2FwZSIsCiAgICAgICAgImVsZW1lbnRUeXBlIjogImFsbCIsCiAgICAgICAgInN0eWxlcnMiOiBbCiAgICAgICAgICAgIHsKICAgICAgICAgICAgICAgICJjb2xvciI6ICIjZjJmMmYyIgogICAgICAgICAgICB9CiAgICAgICAgXQogICAgfSwKICAgIHsKICAgICAgICAiZmVhdHVyZVR5cGUiOiAicG9pIiwKICAgICAgICAiZWxlbWVudFR5cGUiOiAiYWxsIiwKICAgICAgICAic3R5bGVycyI6IFsKICAgICAgICAgICAgewogICAgICAgICAgICAgICAgInZpc2liaWxpdHkiOiAib2ZmIgogICAgICAgICAgICB9CiAgICAgICAgXQogICAgfSwKICAgIHsKICAgICAgICAiZmVhdHVyZVR5cGUiOiAicm9hZCIsCiAgICAgICAgImVsZW1lbnRUeXBlIjogImFsbCIsCiAgICAgICAgInN0eWxlcnMiOiBbCiAgICAgICAgICAgIHsKICAgICAgICAgICAgICAgICJzYXR1cmF0aW9uIjogLTEwMAogICAgICAgICAgICB9LAogICAgICAgICAgICB7CiAgICAgICAgICAgICAgICAibGlnaHRuZXNzIjogNDUKICAgICAgICAgICAgfQogICAgICAgIF0KICAgIH0sCiAgICB7CiAgICAgICAgImZlYXR1cmVUeXBlIjogInJvYWQuaGlnaHdheSIsCiAgICAgICAgImVsZW1lbnRUeXBlIjogImFsbCIsCiAgICAgICAgInN0eWxlcnMiOiBbCiAgICAgICAgICAgIHsKICAgICAgICAgICAgICAgICJ2aXNpYmlsaXR5IjogInNpbXBsaWZpZWQiCiAgICAgICAgICAgIH0KICAgICAgICBdCiAgICB9LAogICAgewogICAgICAgICJmZWF0dXJlVHlwZSI6ICJyb2FkLmFydGVyaWFsIiwKICAgICAgICAiZWxlbWVudFR5cGUiOiAibGFiZWxzLmljb24iLAogICAgICAgICJzdHlsZXJzIjogWwogICAgICAgICAgICB7CiAgICAgICAgICAgICAgICAidmlzaWJpbGl0eSI6ICJvZmYiCiAgICAgICAgICAgIH0KICAgICAgICBdCiAgICB9LAogICAgewogICAgICAgICJmZWF0dXJlVHlwZSI6ICJ0cmFuc2l0IiwKICAgICAgICAiZWxlbWVudFR5cGUiOiAiYWxsIiwKICAgICAgICAic3R5bGVycyI6IFsKICAgICAgICAgICAgewogICAgICAgICAgICAgICAgInZpc2liaWxpdHkiOiAib2ZmIgogICAgICAgICAgICB9CiAgICAgICAgXQogICAgfSwKICAgIHsKICAgICAgICAiZmVhdHVyZVR5cGUiOiAid2F0ZXIiLAogICAgICAgICJlbGVtZW50VHlwZSI6ICJhbGwiLAogICAgICAgICJzdHlsZXJzIjogWwogICAgICAgICAgICB7CiAgICAgICAgICAgICAgICAiY29sb3IiOiAiI2ZiYmQwMiIKICAgICAgICAgICAgfSwKICAgICAgICAgICAgewogICAgICAgICAgICAgICAgInZpc2liaWxpdHkiOiAib24iCiAgICAgICAgICAgIH0KICAgICAgICBdCiAgICB9Cl0=\" );\n\t\t\t});\t\n\t\t<\/script>\n\t\t<\/div><\/div><\/div><\/div><\/div><\/div><\/div><\/section><section id=\"bt_section6a04668a62d3c\"  class=\"boldSection topSmallSpaced bottomSmallSpaced gutter boxed inherit\" ><div class=\"port\"><div class=\"boldCell\"><div class=\"boldCellInner\"><div class=\"boldRow \" ><div class=\"boldRowInner\"><div class=\"rowItem col-md-6 col-sm-12 btTextLeft\"  data-width=\"6\"><div class=\"rowItemContent\" ><div class=\"boldRow \" style=\"max-width: 580px; float: right;\"><div class=\"boldRowInner\"><div class=\"rowItem rowInnerItem col-sm-12  btTextLeft\"  ><div class=\"rowItemContent\"><div class=\"btClear btSeparator topSemiSpaced noBorder\" ><hr><\/div><header class=\"header btClear medium btDash bottomDash  regular\" ><div class=\"btSuperTitle\"><span>WRITE TO US<\/span><\/div><div class=\"dash\"><h3><span class=\"headline\">Send us a message<\/span><\/h3><\/div><div class=\"btSubTitle\">Need precision metal fabrication capacity? Send us a message and we will contact you within 48 hours!<\/div><\/header><div class=\"btClear btSeparator topSmallSpaced noBorder\" ><hr><\/div><div class=\"btText\" ><\/p>\n<div class=\"wpcf7 no-js\" id=\"wpcf7-f5061-o1\" lang=\"en-US\" dir=\"ltr\" data-wpcf7-id=\"5061\">\n<div class=\"screen-reader-response\">\n<p role=\"status\" aria-live=\"polite\" aria-atomic=\"true\">\n<ul><\/ul>\n<\/div>\n<form action=\"\/en\/wp-json\/wp\/v2\/pages\/4994#wpcf7-f5061-o1\" method=\"post\" class=\"wpcf7-form init\" aria-label=\"Contact form\" novalidate=\"novalidate\" data-status=\"init\">\n<div style=\"display: none;\">\n<input type=\"hidden\" name=\"_wpcf7\" value=\"5061\" \/><br \/>\n<input type=\"hidden\" name=\"_wpcf7_version\" value=\"6.0\" \/><br \/>\n<input type=\"hidden\" name=\"_wpcf7_locale\" value=\"en_US\" \/><br \/>\n<input type=\"hidden\" name=\"_wpcf7_unit_tag\" value=\"wpcf7-f5061-o1\" \/><br \/>\n<input type=\"hidden\" name=\"_wpcf7_container_post\" value=\"0\" \/><br \/>\n<input type=\"hidden\" name=\"_wpcf7_posted_data_hash\" value=\"\" \/><br \/>\n<input type=\"hidden\" name=\"_wpcf7_recaptcha_response\" value=\"\" \/>\n<\/div>\n<p><label> Name (required)<br \/>\n<span class=\"wpcf7-form-control-wrap\" data-name=\"your-name\"><input size=\"40\" maxlength=\"400\" class=\"wpcf7-form-control wpcf7-text wpcf7-validates-as-required\" aria-required=\"true\" aria-invalid=\"false\" value=\"\" type=\"text\" name=\"your-name\" \/><\/span> <\/label>\n<\/p>\n<p><label> E-mail (required)<br \/>\n<span class=\"wpcf7-form-control-wrap\" data-name=\"your-email\"><input size=\"40\" maxlength=\"400\" class=\"wpcf7-form-control wpcf7-email wpcf7-validates-as-required wpcf7-text wpcf7-validates-as-email\" aria-required=\"true\" aria-invalid=\"false\" value=\"\" type=\"email\" name=\"your-email\" \/><\/span> <\/label>\n<\/p>\n<p><label> Phone<br \/>\n<span class=\"wpcf7-form-control-wrap\" data-name=\"tel-287\"><input size=\"40\" maxlength=\"400\" class=\"wpcf7-form-control wpcf7-tel wpcf7-text wpcf7-validates-as-tel\" aria-invalid=\"false\" value=\"\" type=\"tel\" name=\"tel-287\" \/><\/span> <\/label>\n<\/p>\n<p><label> Subject<br \/>\n<span class=\"wpcf7-form-control-wrap\" data-name=\"your-subject\"><input size=\"40\" maxlength=\"400\" class=\"wpcf7-form-control wpcf7-text\" aria-invalid=\"false\" value=\"\" type=\"text\" name=\"your-subject\" \/><\/span> <\/label>\n<\/p>\n<p><label> Message (required)<br \/>\n<span class=\"wpcf7-form-control-wrap\" data-name=\"your-message\"><textarea cols=\"40\" rows=\"10\" maxlength=\"2000\" class=\"wpcf7-form-control wpcf7-textarea wpcf7-validates-as-required\" aria-required=\"true\" aria-invalid=\"false\" name=\"your-message\"><\/textarea><\/span> <\/label>\n<\/p>\n<p><input class=\"wpcf7-form-control wpcf7-submit has-spinner\" type=\"submit\" value=\"Send\" \/>\n<\/p>\n<p><input type='hidden' class='wpcf7-pum' value='{\"closepopup\":false,\"closedelay\":0,\"openpopup\":false,\"openpopup_id\":0}' \/><\/p>\n<div class=\"wpcf7-response-output\" aria-hidden=\"true\"><\/div>\n<\/form>\n<\/div>\n<p>\n<\/div><div class=\"btClear btSeparator topSemiSpaced noBorder\" ><hr><\/div><\/div><\/div><\/div><\/div><\/div><\/div><div class=\"rowItem col-md-6 col-sm-12 btTextRight inherit\"  data-width=\"6\"><div class=\"rowItemContent\" ><div class=\"btClear btSeparator topSpaced noBorder\" ><hr><\/div><div class=\"bpgPhoto btDefaultHoverType\" ><div class = \"btImage\"><img decoding=\"async\" src=\"https:\/\/instrum.hu\/wp-content\/uploads\/2023\/05\/INST-kapcsolat-k2_v2.png\" alt=\"\" title=\"\"><\/div><\/div><div class=\"btClear btSeparator topSemiSpaced noBorder\" ><hr><\/div><\/div><\/div><\/div><\/div><\/div><\/div><\/div><\/section><\/p>\n","protected":false},"excerpt":{"rendered":"<p>Our plant is located in T\u00f6k\u00f6l, Pest County. In our 1000 m2 workshop, our skilled colleagues fulfil orders with a constantly renewing fleet of machines.<\/p>\n","protected":false},"author":1,"featured_media":4969,"parent":0,"menu_order":0,"comment_status":"closed","ping_status":"closed","template":"","meta":{"footnotes":""},"class_list":["post-4994","page","type-page","status-publish","has-post-thumbnail","hentry"],"yoast_head":"<!-- This site is optimized with the Yoast SEO plugin v23.8 - https:\/\/yoast.com\/wordpress\/plugins\/seo\/ -->\n<title>Contact - Instrum<\/title>\n<meta name=\"description\" content=\"Our plant is located in T\u00f6k\u00f6l, Pest County. In our 1000 m2 workshop, our skilled colleagues fulfil orders with a constantly renewing fleet of machines.\" \/>\n<meta name=\"robots\" content=\"index, follow, max-snippet:-1, max-image-preview:large, max-video-preview:-1\" \/>\n<link rel=\"canonical\" href=\"https:\/\/instrum.hu\/en\/contact\/\" \/>\n<meta property=\"og:locale\" content=\"en_US\" \/>\n<meta property=\"og:type\" content=\"article\" \/>\n<meta property=\"og:title\" content=\"Contact - Instrum\" \/>\n<meta property=\"og:description\" content=\"Our plant is located in T\u00f6k\u00f6l, Pest County. In our 1000 m2 workshop, our skilled colleagues fulfil orders with a constantly renewing fleet of machines.\" \/>\n<meta property=\"og:url\" content=\"https:\/\/instrum.hu\/en\/contact\/\" \/>\n<meta property=\"og:site_name\" content=\"Instrum\" \/>\n<meta property=\"article:publisher\" content=\"https:\/\/www.facebook.com\/instrum.hu\" \/>\n<meta property=\"article:modified_time\" content=\"2025-04-17T07:48:22+00:00\" \/>\n<meta property=\"og:image\" content=\"https:\/\/instrum.hu\/wp-content\/uploads\/2023\/05\/INST-header-kapcsolat_final.jpg\" \/>\n\t<meta property=\"og:image:width\" content=\"1920\" \/>\n\t<meta property=\"og:image:height\" content=\"452\" \/>\n\t<meta property=\"og:image:type\" content=\"image\/jpeg\" \/>\n<meta name=\"twitter:card\" content=\"summary_large_image\" \/>\n<meta name=\"twitter:label1\" content=\"Est. reading time\" \/>\n\t<meta name=\"twitter:data1\" content=\"1 minute\" \/>\n<script type=\"application\/ld+json\" class=\"yoast-schema-graph\">{\"@context\":\"https:\/\/schema.org\",\"@graph\":[{\"@type\":\"WebPage\",\"@id\":\"https:\/\/instrum.hu\/en\/contact\/\",\"url\":\"https:\/\/instrum.hu\/en\/contact\/\",\"name\":\"Contact - Instrum\",\"isPartOf\":{\"@id\":\"https:\/\/instrum.hu\/en\/#website\"},\"primaryImageOfPage\":{\"@id\":\"https:\/\/instrum.hu\/en\/contact\/#primaryimage\"},\"image\":{\"@id\":\"https:\/\/instrum.hu\/en\/contact\/#primaryimage\"},\"thumbnailUrl\":\"https:\/\/instrum.hu\/wp-content\/uploads\/2023\/05\/INST-header-kapcsolat_final.jpg\",\"datePublished\":\"2016-07-22T10:20:20+00:00\",\"dateModified\":\"2025-04-17T07:48:22+00:00\",\"description\":\"Our plant is located in T\u00f6k\u00f6l, Pest County. In our 1000 m2 workshop, our skilled colleagues fulfil orders with a constantly renewing fleet of machines.\",\"breadcrumb\":{\"@id\":\"https:\/\/instrum.hu\/en\/contact\/#breadcrumb\"},\"inLanguage\":\"en-US\",\"potentialAction\":[{\"@type\":\"ReadAction\",\"target\":[\"https:\/\/instrum.hu\/en\/contact\/\"]}]},{\"@type\":\"ImageObject\",\"inLanguage\":\"en-US\",\"@id\":\"https:\/\/instrum.hu\/en\/contact\/#primaryimage\",\"url\":\"https:\/\/instrum.hu\/wp-content\/uploads\/2023\/05\/INST-header-kapcsolat_final.jpg\",\"contentUrl\":\"https:\/\/instrum.hu\/wp-content\/uploads\/2023\/05\/INST-header-kapcsolat_final.jpg\",\"width\":1920,\"height\":452},{\"@type\":\"BreadcrumbList\",\"@id\":\"https:\/\/instrum.hu\/en\/contact\/#breadcrumb\",\"itemListElement\":[{\"@type\":\"ListItem\",\"position\":1,\"name\":\"Kezd\u0151lap\",\"item\":\"https:\/\/instrum.hu\/en\/\"},{\"@type\":\"ListItem\",\"position\":2,\"name\":\"Contact\"}]},{\"@type\":\"WebSite\",\"@id\":\"https:\/\/instrum.hu\/en\/#website\",\"url\":\"https:\/\/instrum.hu\/en\/\",\"name\":\"Instrum\",\"description\":\"CNC hosszeszterg\u00e1l\u00e1s, eszterg\u00e1l\u00e1s, k\u00f6sz\u00f6r\u00fcl\u00e9s - a NAVIGATOR Csoport tagja\",\"publisher\":{\"@id\":\"https:\/\/instrum.hu\/en\/#organization\"},\"potentialAction\":[{\"@type\":\"SearchAction\",\"target\":{\"@type\":\"EntryPoint\",\"urlTemplate\":\"https:\/\/instrum.hu\/en\/?s={search_term_string}\"},\"query-input\":{\"@type\":\"PropertyValueSpecification\",\"valueRequired\":true,\"valueName\":\"search_term_string\"}}],\"inLanguage\":\"en-US\"},{\"@type\":\"Organization\",\"@id\":\"https:\/\/instrum.hu\/en\/#organization\",\"name\":\"Instrum Kft.\",\"url\":\"https:\/\/instrum.hu\/en\/\",\"logo\":{\"@type\":\"ImageObject\",\"inLanguage\":\"en-US\",\"@id\":\"https:\/\/instrum.hu\/en\/#\/schema\/logo\/image\/\",\"url\":\"https:\/\/instrum.hu\/wp-content\/uploads\/2023\/04\/INST-logo_v3.png\",\"contentUrl\":\"https:\/\/instrum.hu\/wp-content\/uploads\/2023\/04\/INST-logo_v3.png\",\"width\":700,\"height\":300,\"caption\":\"Instrum Kft.\"},\"image\":{\"@id\":\"https:\/\/instrum.hu\/en\/#\/schema\/logo\/image\/\"},\"sameAs\":[\"https:\/\/www.facebook.com\/instrum.hu\"]}]}<\/script>\n<!-- \/ Yoast SEO plugin. -->","yoast_head_json":{"title":"Contact - Instrum","description":"Our plant is located in T\u00f6k\u00f6l, Pest County. In our 1000 m2 workshop, our skilled colleagues fulfil orders with a constantly renewing fleet of machines.","robots":{"index":"index","follow":"follow","max-snippet":"max-snippet:-1","max-image-preview":"max-image-preview:large","max-video-preview":"max-video-preview:-1"},"canonical":"https:\/\/instrum.hu\/en\/contact\/","og_locale":"en_US","og_type":"article","og_title":"Contact - Instrum","og_description":"Our plant is located in T\u00f6k\u00f6l, Pest County. In our 1000 m2 workshop, our skilled colleagues fulfil orders with a constantly renewing fleet of machines.","og_url":"https:\/\/instrum.hu\/en\/contact\/","og_site_name":"Instrum","article_publisher":"https:\/\/www.facebook.com\/instrum.hu","article_modified_time":"2025-04-17T07:48:22+00:00","og_image":[{"width":1920,"height":452,"url":"https:\/\/instrum.hu\/wp-content\/uploads\/2023\/05\/INST-header-kapcsolat_final.jpg","type":"image\/jpeg"}],"twitter_card":"summary_large_image","twitter_misc":{"Est. reading time":"1 minute"},"schema":{"@context":"https:\/\/schema.org","@graph":[{"@type":"WebPage","@id":"https:\/\/instrum.hu\/en\/contact\/","url":"https:\/\/instrum.hu\/en\/contact\/","name":"Contact - Instrum","isPartOf":{"@id":"https:\/\/instrum.hu\/en\/#website"},"primaryImageOfPage":{"@id":"https:\/\/instrum.hu\/en\/contact\/#primaryimage"},"image":{"@id":"https:\/\/instrum.hu\/en\/contact\/#primaryimage"},"thumbnailUrl":"https:\/\/instrum.hu\/wp-content\/uploads\/2023\/05\/INST-header-kapcsolat_final.jpg","datePublished":"2016-07-22T10:20:20+00:00","dateModified":"2025-04-17T07:48:22+00:00","description":"Our plant is located in T\u00f6k\u00f6l, Pest County. In our 1000 m2 workshop, our skilled colleagues fulfil orders with a constantly renewing fleet of machines.","breadcrumb":{"@id":"https:\/\/instrum.hu\/en\/contact\/#breadcrumb"},"inLanguage":"en-US","potentialAction":[{"@type":"ReadAction","target":["https:\/\/instrum.hu\/en\/contact\/"]}]},{"@type":"ImageObject","inLanguage":"en-US","@id":"https:\/\/instrum.hu\/en\/contact\/#primaryimage","url":"https:\/\/instrum.hu\/wp-content\/uploads\/2023\/05\/INST-header-kapcsolat_final.jpg","contentUrl":"https:\/\/instrum.hu\/wp-content\/uploads\/2023\/05\/INST-header-kapcsolat_final.jpg","width":1920,"height":452},{"@type":"BreadcrumbList","@id":"https:\/\/instrum.hu\/en\/contact\/#breadcrumb","itemListElement":[{"@type":"ListItem","position":1,"name":"Kezd\u0151lap","item":"https:\/\/instrum.hu\/en\/"},{"@type":"ListItem","position":2,"name":"Contact"}]},{"@type":"WebSite","@id":"https:\/\/instrum.hu\/en\/#website","url":"https:\/\/instrum.hu\/en\/","name":"Instrum","description":"CNC hosszeszterg\u00e1l\u00e1s, eszterg\u00e1l\u00e1s, k\u00f6sz\u00f6r\u00fcl\u00e9s - a NAVIGATOR Csoport tagja","publisher":{"@id":"https:\/\/instrum.hu\/en\/#organization"},"potentialAction":[{"@type":"SearchAction","target":{"@type":"EntryPoint","urlTemplate":"https:\/\/instrum.hu\/en\/?s={search_term_string}"},"query-input":{"@type":"PropertyValueSpecification","valueRequired":true,"valueName":"search_term_string"}}],"inLanguage":"en-US"},{"@type":"Organization","@id":"https:\/\/instrum.hu\/en\/#organization","name":"Instrum Kft.","url":"https:\/\/instrum.hu\/en\/","logo":{"@type":"ImageObject","inLanguage":"en-US","@id":"https:\/\/instrum.hu\/en\/#\/schema\/logo\/image\/","url":"https:\/\/instrum.hu\/wp-content\/uploads\/2023\/04\/INST-logo_v3.png","contentUrl":"https:\/\/instrum.hu\/wp-content\/uploads\/2023\/04\/INST-logo_v3.png","width":700,"height":300,"caption":"Instrum Kft."},"image":{"@id":"https:\/\/instrum.hu\/en\/#\/schema\/logo\/image\/"},"sameAs":["https:\/\/www.facebook.com\/instrum.hu"]}]}},"_links":{"self":[{"href":"https:\/\/instrum.hu\/en\/wp-json\/wp\/v2\/pages\/4994","targetHints":{"allow":["GET"]}}],"collection":[{"href":"https:\/\/instrum.hu\/en\/wp-json\/wp\/v2\/pages"}],"about":[{"href":"https:\/\/instrum.hu\/en\/wp-json\/wp\/v2\/types\/page"}],"author":[{"embeddable":true,"href":"https:\/\/instrum.hu\/en\/wp-json\/wp\/v2\/users\/1"}],"replies":[{"embeddable":true,"href":"https:\/\/instrum.hu\/en\/wp-json\/wp\/v2\/comments?post=4994"}],"version-history":[{"count":6,"href":"https:\/\/instrum.hu\/en\/wp-json\/wp\/v2\/pages\/4994\/revisions"}],"predecessor-version":[{"id":5248,"href":"https:\/\/instrum.hu\/en\/wp-json\/wp\/v2\/pages\/4994\/revisions\/5248"}],"wp:featuredmedia":[{"embeddable":true,"href":"https:\/\/instrum.hu\/en\/wp-json\/wp\/v2\/media\/4969"}],"wp:attachment":[{"href":"https:\/\/instrum.hu\/en\/wp-json\/wp\/v2\/media?parent=4994"}],"curies":[{"name":"wp","href":"https:\/\/api.w.org\/{rel}","templated":true}]}}