{"id":4988,"date":"2016-10-26T07:04:47","date_gmt":"2016-10-26T07:04:47","guid":{"rendered":"https:\/\/instrum.hu\/minoseg\/"},"modified":"2023-06-27T16:43:12","modified_gmt":"2023-06-27T16:43:12","slug":"minoseg","status":"publish","type":"page","link":"https:\/\/instrum.hu\/en\/minoseg\/","title":{"rendered":"Quality"},"content":{"rendered":"<section id=\"bt_section69f24f823acb6\"  class=\"boldSection topSpaced bottomSemiSpaced gutter boxed inherit\" ><div class=\"port\"><div class=\"boldCell\"><div class=\"boldCellInner\"><div class=\"boldRow \" ><div class=\"boldRowInner\"><div class=\"rowItem col-md-6 col-sm-12 btTextLeft animate animate-fadein inherit\"  data-width=\"6\"><div class=\"rowItemContent\" ><div class=\"btText\" ><\/p>\n<h6>We are committed to establishing, implementing, maintaining and continuously improving a quality management system that&#8230;<\/h6>\n<p>\n<\/div><div class=\"btClear btSeparator topSmallSpaced noBorder\" ><hr><\/div><div class=\"btClear btSeparator topSmallSpaced noBorder\" ><hr><\/div><div class=\"servicesItem  btIcoAccentColorIcon btIcoSmallSizeIcon \"><div class=\"sIcon\"><span class=\"btIco btIcoSmallSize btIcoDefaultType btIcoAccentColor btIconCircleShape\"><span  data-ico-es=\"&#xea39;\" class=\"btIcoHolder\"><\/span><\/span><\/div><div class=\"sTxt\"><header class=\"header btClear small\" ><div class=\"dash\"><\/div><div class=\"btSubTitle\">Every day, we are made aware of the importance of enjoying the trust of our customers, winning their orders, and ensuring that the quality of the parts we produce meets the expectations of our most demanding customers.<\/div><\/header><\/div><\/div><div class=\"btClear btSeparator topExtraSmallSpaced noBorder\" ><hr><\/div><div class=\"servicesItem  btIcoAccentColorIcon btIcoSmallSizeIcon \"><div class=\"sIcon\"><span class=\"btIco btIcoSmallSize btIcoDefaultType btIcoAccentColor btIconCircleShape\"><span  data-ico-es=\"&#xea39;\" class=\"btIcoHolder\"><\/span><\/span><\/div><div class=\"sTxt\"><header class=\"header btClear small\" ><div class=\"dash\"><\/div><div class=\"btSubTitle\">Which pays special attention to the production of our automotive components, ensuring that our customers&#8217; product safety requirements are met.<\/div><\/header><\/div><\/div><div class=\"btClear btSeparator topExtraSmallSpaced noBorder\" ><hr><\/div><div class=\"servicesItem  btIcoAccentColorIcon btIcoSmallSizeIcon \"><div class=\"sIcon\"><span class=\"btIco btIcoSmallSize btIcoDefaultType btIcoAccentColor btIconCircleShape\"><span  data-ico-es=\"&#xea39;\" class=\"btIcoHolder\"><\/span><\/span><\/div><div class=\"sTxt\"><header class=\"header btClear small\" ><div class=\"dash\"><\/div><div class=\"btSubTitle\">It focuses our attention and concentrates our resources on areas where we need to do more to ensure customer and internal satisfaction.<\/div><\/header><\/div><\/div><div class=\"btClear btSeparator topExtraSmallSpaced noBorder\" ><hr><\/div><div class=\"servicesItem  btIcoAccentColorIcon btIcoSmallSizeIcon \"><div class=\"sIcon\"><span class=\"btIco btIcoSmallSize btIcoDefaultType btIcoAccentColor btIconCircleShape\"><span  data-ico-es=\"&#xea39;\" class=\"btIcoHolder\"><\/span><\/span><\/div><div class=\"sTxt\"><header class=\"header btClear small\" ><div class=\"dash\"><\/div><div class=\"btSubTitle\">It reinforces planning and careful consideration of tasks so that our resources are focused on prevention rather than on the constant correction of failures.<\/div><\/header><\/div><\/div><div class=\"btClear btSeparator topExtraSmallSpaced noBorder\" ><hr><\/div><div class=\"servicesItem  btIcoAccentColorIcon btIcoSmallSizeIcon \"><div class=\"sIcon\"><span class=\"btIco btIcoSmallSize btIcoDefaultType btIcoAccentColor btIconCircleShape\"><span  data-ico-es=\"&#xea39;\" class=\"btIcoHolder\"><\/span><\/span><\/div><div class=\"sTxt\"><header class=\"header btClear small\" ><div class=\"dash\"><\/div><div class=\"btSubTitle\">By recording data, information and experience, it helps us to make evidence-based conclusions and informed decisions.<\/div><\/header><\/div><\/div><div class=\"btClear btSeparator topExtraSmallSpaced noBorder\" ><hr><\/div><div class=\"servicesItem  btIcoAccentColorIcon btIcoSmallSizeIcon \"><div class=\"sIcon\"><span class=\"btIco btIcoSmallSize btIcoDefaultType btIcoAccentColor btIconCircleShape\"><span  data-ico-es=\"&#xea39;\" class=\"btIcoHolder\"><\/span><\/span><\/div><div class=\"sTxt\"><header class=\"header btClear small\" ><div class=\"dash\"><\/div><div class=\"btSubTitle\">It improves our business performance by consciously considering and managing the risks associated with processes and products.<\/div><\/header><\/div><\/div><div class=\"btClear btSeparator topExtraSmallSpaced noBorder\" ><hr><\/div><div class=\"servicesItem  btIcoAccentColorIcon btIcoSmallSizeIcon \"><div class=\"sIcon\"><span class=\"btIco btIcoSmallSize btIcoDefaultType btIcoAccentColor btIconCircleShape\"><span  data-ico-es=\"&#xea39;\" class=\"btIcoHolder\"><\/span><\/span><\/div><div class=\"sTxt\"><header class=\"header btClear small\" ><div class=\"dash\"><\/div><div class=\"btSubTitle\">It highlights areas of our operations where we need to set targets and related action plans to achieve continuous improvement.<\/div><\/header><\/div><\/div><div class=\"btClear btSeparator topSemiSpaced noBorder\" ><hr><\/div><\/div><\/div><div class=\"rowItem col-md-6 col-sm-12 btTextLeft animate animate-fadein btHighlight inherit btDoublePadding btLightSkin\"  data-width=\"6\"><div class=\"rowItemContent\" style = \"background-image: url(); \"><div class=\"bpgPhoto btDefaultHoverType\" ><div class = \"btImage\"><img decoding=\"async\" src=\"https:\/\/instrum.hu\/wp-content\/uploads\/2023\/06\/INST-SGStanusitvany-EN_DE.png\" alt=\"\" title=\"\"><\/div><\/div><\/div><\/div><\/div><\/div><\/div><\/div><\/div><\/section>\n","protected":false},"excerpt":{"rendered":"<p>We do not compromise on quality. We are committed to maintaining and improving our quality management system.<\/p>\n","protected":false},"author":1,"featured_media":4885,"parent":0,"menu_order":0,"comment_status":"closed","ping_status":"closed","template":"","meta":{"footnotes":""},"class_list":["post-4988","page","type-page","status-publish","has-post-thumbnail","hentry"],"yoast_head":"<!-- This site is optimized with the Yoast SEO plugin v23.8 - https:\/\/yoast.com\/wordpress\/plugins\/seo\/ -->\n<title>Quality - Instrum<\/title>\n<meta name=\"description\" content=\"We do not compromise on quality. We are committed to maintaining and improving our quality management system.\" \/>\n<meta name=\"robots\" content=\"index, follow, max-snippet:-1, max-image-preview:large, max-video-preview:-1\" \/>\n<link rel=\"canonical\" href=\"https:\/\/instrum.hu\/en\/minoseg\/\" \/>\n<meta property=\"og:locale\" content=\"en_US\" \/>\n<meta property=\"og:type\" content=\"article\" \/>\n<meta property=\"og:title\" content=\"Quality - Instrum\" \/>\n<meta property=\"og:description\" content=\"We do not compromise on quality. We are committed to maintaining and improving our quality management system.\" \/>\n<meta property=\"og:url\" content=\"https:\/\/instrum.hu\/en\/minoseg\/\" \/>\n<meta property=\"og:site_name\" content=\"Instrum\" \/>\n<meta property=\"article:publisher\" content=\"https:\/\/www.facebook.com\/instrum.hu\" \/>\n<meta property=\"article:modified_time\" content=\"2023-06-27T16:43:12+00:00\" \/>\n<meta property=\"og:image\" content=\"https:\/\/instrum.hu\/wp-content\/uploads\/2023\/04\/INST-aloldal-header_A_v1.jpg\" \/>\n\t<meta property=\"og:image:width\" content=\"1800\" \/>\n\t<meta property=\"og:image:height\" content=\"452\" \/>\n\t<meta property=\"og:image:type\" content=\"image\/jpeg\" \/>\n<meta name=\"twitter:card\" content=\"summary_large_image\" \/>\n<meta name=\"twitter:label1\" content=\"Est. reading time\" \/>\n\t<meta name=\"twitter:data1\" content=\"2 minutes\" \/>\n<script type=\"application\/ld+json\" class=\"yoast-schema-graph\">{\"@context\":\"https:\/\/schema.org\",\"@graph\":[{\"@type\":\"WebPage\",\"@id\":\"https:\/\/instrum.hu\/en\/minoseg\/\",\"url\":\"https:\/\/instrum.hu\/en\/minoseg\/\",\"name\":\"Quality - Instrum\",\"isPartOf\":{\"@id\":\"https:\/\/instrum.hu\/en\/#website\"},\"primaryImageOfPage\":{\"@id\":\"https:\/\/instrum.hu\/en\/minoseg\/#primaryimage\"},\"image\":{\"@id\":\"https:\/\/instrum.hu\/en\/minoseg\/#primaryimage\"},\"thumbnailUrl\":\"https:\/\/instrum.hu\/wp-content\/uploads\/2023\/04\/INST-aloldal-header_A_v1.jpg\",\"datePublished\":\"2016-10-26T07:04:47+00:00\",\"dateModified\":\"2023-06-27T16:43:12+00:00\",\"description\":\"We do not compromise on quality. We are committed to maintaining and improving our quality management system.\",\"breadcrumb\":{\"@id\":\"https:\/\/instrum.hu\/en\/minoseg\/#breadcrumb\"},\"inLanguage\":\"en-US\",\"potentialAction\":[{\"@type\":\"ReadAction\",\"target\":[\"https:\/\/instrum.hu\/en\/minoseg\/\"]}]},{\"@type\":\"ImageObject\",\"inLanguage\":\"en-US\",\"@id\":\"https:\/\/instrum.hu\/en\/minoseg\/#primaryimage\",\"url\":\"https:\/\/instrum.hu\/wp-content\/uploads\/2023\/04\/INST-aloldal-header_A_v1.jpg\",\"contentUrl\":\"https:\/\/instrum.hu\/wp-content\/uploads\/2023\/04\/INST-aloldal-header_A_v1.jpg\",\"width\":1800,\"height\":452},{\"@type\":\"BreadcrumbList\",\"@id\":\"https:\/\/instrum.hu\/en\/minoseg\/#breadcrumb\",\"itemListElement\":[{\"@type\":\"ListItem\",\"position\":1,\"name\":\"Kezd\u0151lap\",\"item\":\"https:\/\/instrum.hu\/en\/\"},{\"@type\":\"ListItem\",\"position\":2,\"name\":\"Quality\"}]},{\"@type\":\"WebSite\",\"@id\":\"https:\/\/instrum.hu\/en\/#website\",\"url\":\"https:\/\/instrum.hu\/en\/\",\"name\":\"Instrum\",\"description\":\"CNC hosszeszterg\u00e1l\u00e1s, eszterg\u00e1l\u00e1s, k\u00f6sz\u00f6r\u00fcl\u00e9s - a NAVIGATOR Csoport tagja\",\"publisher\":{\"@id\":\"https:\/\/instrum.hu\/en\/#organization\"},\"potentialAction\":[{\"@type\":\"SearchAction\",\"target\":{\"@type\":\"EntryPoint\",\"urlTemplate\":\"https:\/\/instrum.hu\/en\/?s={search_term_string}\"},\"query-input\":{\"@type\":\"PropertyValueSpecification\",\"valueRequired\":true,\"valueName\":\"search_term_string\"}}],\"inLanguage\":\"en-US\"},{\"@type\":\"Organization\",\"@id\":\"https:\/\/instrum.hu\/en\/#organization\",\"name\":\"Instrum Kft.\",\"url\":\"https:\/\/instrum.hu\/en\/\",\"logo\":{\"@type\":\"ImageObject\",\"inLanguage\":\"en-US\",\"@id\":\"https:\/\/instrum.hu\/en\/#\/schema\/logo\/image\/\",\"url\":\"https:\/\/instrum.hu\/wp-content\/uploads\/2023\/04\/INST-logo_v3.png\",\"contentUrl\":\"https:\/\/instrum.hu\/wp-content\/uploads\/2023\/04\/INST-logo_v3.png\",\"width\":700,\"height\":300,\"caption\":\"Instrum Kft.\"},\"image\":{\"@id\":\"https:\/\/instrum.hu\/en\/#\/schema\/logo\/image\/\"},\"sameAs\":[\"https:\/\/www.facebook.com\/instrum.hu\"]}]}<\/script>\n<!-- \/ Yoast SEO plugin. -->","yoast_head_json":{"title":"Quality - Instrum","description":"We do not compromise on quality. We are committed to maintaining and improving our quality management system.","robots":{"index":"index","follow":"follow","max-snippet":"max-snippet:-1","max-image-preview":"max-image-preview:large","max-video-preview":"max-video-preview:-1"},"canonical":"https:\/\/instrum.hu\/en\/minoseg\/","og_locale":"en_US","og_type":"article","og_title":"Quality - Instrum","og_description":"We do not compromise on quality. We are committed to maintaining and improving our quality management system.","og_url":"https:\/\/instrum.hu\/en\/minoseg\/","og_site_name":"Instrum","article_publisher":"https:\/\/www.facebook.com\/instrum.hu","article_modified_time":"2023-06-27T16:43:12+00:00","og_image":[{"width":1800,"height":452,"url":"https:\/\/instrum.hu\/wp-content\/uploads\/2023\/04\/INST-aloldal-header_A_v1.jpg","type":"image\/jpeg"}],"twitter_card":"summary_large_image","twitter_misc":{"Est. reading time":"2 minutes"},"schema":{"@context":"https:\/\/schema.org","@graph":[{"@type":"WebPage","@id":"https:\/\/instrum.hu\/en\/minoseg\/","url":"https:\/\/instrum.hu\/en\/minoseg\/","name":"Quality - Instrum","isPartOf":{"@id":"https:\/\/instrum.hu\/en\/#website"},"primaryImageOfPage":{"@id":"https:\/\/instrum.hu\/en\/minoseg\/#primaryimage"},"image":{"@id":"https:\/\/instrum.hu\/en\/minoseg\/#primaryimage"},"thumbnailUrl":"https:\/\/instrum.hu\/wp-content\/uploads\/2023\/04\/INST-aloldal-header_A_v1.jpg","datePublished":"2016-10-26T07:04:47+00:00","dateModified":"2023-06-27T16:43:12+00:00","description":"We do not compromise on quality. We are committed to maintaining and improving our quality management system.","breadcrumb":{"@id":"https:\/\/instrum.hu\/en\/minoseg\/#breadcrumb"},"inLanguage":"en-US","potentialAction":[{"@type":"ReadAction","target":["https:\/\/instrum.hu\/en\/minoseg\/"]}]},{"@type":"ImageObject","inLanguage":"en-US","@id":"https:\/\/instrum.hu\/en\/minoseg\/#primaryimage","url":"https:\/\/instrum.hu\/wp-content\/uploads\/2023\/04\/INST-aloldal-header_A_v1.jpg","contentUrl":"https:\/\/instrum.hu\/wp-content\/uploads\/2023\/04\/INST-aloldal-header_A_v1.jpg","width":1800,"height":452},{"@type":"BreadcrumbList","@id":"https:\/\/instrum.hu\/en\/minoseg\/#breadcrumb","itemListElement":[{"@type":"ListItem","position":1,"name":"Kezd\u0151lap","item":"https:\/\/instrum.hu\/en\/"},{"@type":"ListItem","position":2,"name":"Quality"}]},{"@type":"WebSite","@id":"https:\/\/instrum.hu\/en\/#website","url":"https:\/\/instrum.hu\/en\/","name":"Instrum","description":"CNC hosszeszterg\u00e1l\u00e1s, eszterg\u00e1l\u00e1s, k\u00f6sz\u00f6r\u00fcl\u00e9s - a NAVIGATOR Csoport tagja","publisher":{"@id":"https:\/\/instrum.hu\/en\/#organization"},"potentialAction":[{"@type":"SearchAction","target":{"@type":"EntryPoint","urlTemplate":"https:\/\/instrum.hu\/en\/?s={search_term_string}"},"query-input":{"@type":"PropertyValueSpecification","valueRequired":true,"valueName":"search_term_string"}}],"inLanguage":"en-US"},{"@type":"Organization","@id":"https:\/\/instrum.hu\/en\/#organization","name":"Instrum Kft.","url":"https:\/\/instrum.hu\/en\/","logo":{"@type":"ImageObject","inLanguage":"en-US","@id":"https:\/\/instrum.hu\/en\/#\/schema\/logo\/image\/","url":"https:\/\/instrum.hu\/wp-content\/uploads\/2023\/04\/INST-logo_v3.png","contentUrl":"https:\/\/instrum.hu\/wp-content\/uploads\/2023\/04\/INST-logo_v3.png","width":700,"height":300,"caption":"Instrum Kft."},"image":{"@id":"https:\/\/instrum.hu\/en\/#\/schema\/logo\/image\/"},"sameAs":["https:\/\/www.facebook.com\/instrum.hu"]}]}},"_links":{"self":[{"href":"https:\/\/instrum.hu\/en\/wp-json\/wp\/v2\/pages\/4988","targetHints":{"allow":["GET"]}}],"collection":[{"href":"https:\/\/instrum.hu\/en\/wp-json\/wp\/v2\/pages"}],"about":[{"href":"https:\/\/instrum.hu\/en\/wp-json\/wp\/v2\/types\/page"}],"author":[{"embeddable":true,"href":"https:\/\/instrum.hu\/en\/wp-json\/wp\/v2\/users\/1"}],"replies":[{"embeddable":true,"href":"https:\/\/instrum.hu\/en\/wp-json\/wp\/v2\/comments?post=4988"}],"version-history":[{"count":4,"href":"https:\/\/instrum.hu\/en\/wp-json\/wp\/v2\/pages\/4988\/revisions"}],"predecessor-version":[{"id":5087,"href":"https:\/\/instrum.hu\/en\/wp-json\/wp\/v2\/pages\/4988\/revisions\/5087"}],"wp:featuredmedia":[{"embeddable":true,"href":"https:\/\/instrum.hu\/en\/wp-json\/wp\/v2\/media\/4885"}],"wp:attachment":[{"href":"https:\/\/instrum.hu\/en\/wp-json\/wp\/v2\/media?parent=4988"}],"curies":[{"name":"wp","href":"https:\/\/api.w.org\/{rel}","templated":true}]}}