{"id":5018,"date":"2016-10-26T07:02:47","date_gmt":"2016-10-26T07:02:47","guid":{"rendered":"https:\/\/instrum.hu\/unser-team\/"},"modified":"2025-06-04T13:43:25","modified_gmt":"2025-06-04T13:43:25","slug":"unser-team","status":"publish","type":"page","link":"https:\/\/instrum.hu\/de\/vorstellung\/unser-team\/","title":{"rendered":"Unser Team"},"content":{"rendered":"<p><section id=\"bt_section6a045f2b91aef\"  class=\"boldSection topSpaced gutter boxed inherit\" style=\"background-color:#f2f1ed  !important;\"><div class=\"port\"><div class=\"boldCell\"><div class=\"boldCellInner\"><div class=\"boldRow \" ><div class=\"boldRowInner\"><div class=\"rowItem col-md-4 col-ms-12 btTextLeft animate animate-fadein inherit btTextIndent\"  data-width=\"4\"><div class=\"rowItemContent\" style = \"background-color: rgba(255, 255, 255, 1); \"><div class=\"bpgPhoto btDefaultHoverType\" ><div class = \"btImage\"><img decoding=\"async\" src=\"https:\/\/instrum.hu\/wp-content\/uploads\/2023\/11\/INST-Bajtek_Gyongyver_v1.png\" alt=\"\" title=\"\"><\/div><\/div><div class=\"btClear btSeparator topSmallSpaced noBorder\" ><hr><\/div><header class=\"header btClear small  regular\" ><div class=\"dash\"><h4><span class=\"headline\">Bajtek Gy\u00f6ngyv\u00e9r<\/span><\/h4><\/div><div class=\"btSubTitle\">Gesch\u00e4ftsf\u00fchrer<\/div><\/header><div class=\"btClear btSeparator bottomSmallSpaced noBorder\" ><hr><\/div><span class=\"btIco btIcoDefaultType btIcoExtraSmallSize btIcoDefaultColor btIconCircleShape\"><a href=\"mailto:gyongyver.bajtek@navigatorinvest.com\"  target=\"no_target\" data-ico-fa=\"&#xf0e0;\" class=\"btIcoHolder\"><span>gyongyver.bajtek@navigatorinvest.com<\/span><\/a><\/span><div class=\"btClear btSeparator bottomSmallSpaced noBorder\" ><hr><\/div><span class=\"btIco btIcoDefaultType btIcoExtraSmallSize btIcoDefaultColor btIconCircleShape\"><a href=\"tel:+36309486562\"  target=\"no_target\" data-ico-fa=\"&#xf095;\" class=\"btIcoHolder\"><span>+36 30 948 6562<\/span><\/a><\/span><div class=\"btClear btSeparator bottomSmallSpaced noBorder\" ><hr><\/div><span class=\"btIco btIcoDefaultType btIcoExtraSmallSize btIcoDefaultColor btIconCircleShape\"><a href=\"https:\/\/www.linkedin.com\/in\/gy%C3%B6ngyv%C3%A9r-bajtek-75497517\/\"  target=\"no_target\" data-ico-fa=\"&#xf0e1;\" class=\"btIcoHolder\"><\/a><\/span><div class=\"btClear btSeparator topSmallSpaced noBorder\" ><hr><\/div><\/div><\/div><div class=\"rowItem col-md-4 col-ms-12 btTextLeft animate animate-fadein inherit btTextIndent\"  data-width=\"4\"><div class=\"rowItemContent\" style = \"background-color: rgba(255, 255, 255, 1); \"><div class=\"bpgPhoto btDefaultHoverType\" ><div class = \"btImage\"><img decoding=\"async\" src=\"https:\/\/instrum.hu\/wp-content\/uploads\/2025\/02\/KasaIstvan_InstrumKft.png\" alt=\"\" title=\"\"><\/div><\/div><div class=\"btClear btSeparator topSmallSpaced noBorder\" ><hr><\/div><header class=\"header btClear small  regular\" ><div class=\"dash\"><h4><span class=\"headline\">Istv\u00e1n K\u00e1sa<\/span><\/h4><\/div><div class=\"btSubTitle\">Verkauf und Kundenmanagement Leiter<\/div><\/header><div class=\"btClear btSeparator bottomSmallSpaced noBorder\" ><hr><\/div><span class=\"btIco btIcoDefaultType btIcoExtraSmallSize btIcoDefaultColor btIconCircleShape\"><a href=\"mailto:kasa.istvan@instrum.hu\"  target=\"no_target\" data-ico-fa=\"&#xf0e0;\" class=\"btIcoHolder\"><span>kasa.istvan@instrum.hu<\/span><\/a><\/span><div class=\"btClear btSeparator bottomSmallSpaced noBorder\" ><hr><\/div><span class=\"btIco btIcoDefaultType btIcoExtraSmallSize btIcoDefaultColor btIconCircleShape\"><a href=\"tel:+36202179792\"  target=\"no_target\" data-ico-fa=\"&#xf095;\" class=\"btIcoHolder\"><span>+36 20 217 9792<\/span><\/a><\/span><div class=\"btClear btSeparator bottomSmallSpaced noBorder\" ><hr><\/div><span class=\"btIco btIcoDefaultType btIcoExtraSmallSize btIcoDefaultColor btIconCircleShape\"><a href=\"https:\/\/www.linkedin.com\/in\/istv%C3%A1n-k%C3%A1sa-34b406313\/\"  target=\"no_target\" data-ico-fa=\"&#xf0e1;\" class=\"btIcoHolder\"><\/a><\/span><div class=\"btClear btSeparator topSmallSpaced noBorder\" ><hr><\/div><\/div><\/div><div class=\"rowItem col-md-4 col-ms-12 btTextLeft animate animate-fadein inherit btTextIndent\"  data-width=\"4\"><div class=\"rowItemContent\" style = \"background-color: rgba(255, 255, 255, 1); \"><div class=\"bpgPhoto btDefaultHoverType\" ><div class = \"btImage\"><img decoding=\"async\" src=\"https:\/\/instrum.hu\/wp-content\/uploads\/2023\/05\/INST-Kalacska_Attila_v1.png\" alt=\"\" title=\"\"><\/div><\/div><div class=\"btClear btSeparator topSmallSpaced noBorder\" ><hr><\/div><header class=\"header btClear small  regular\" ><div class=\"dash\"><h4><span class=\"headline\">Attila Kal\u00e1cska<\/span><\/h4><\/div><div class=\"btSubTitle\">Betriebsleiter<\/div><\/header><div class=\"btClear btSeparator bottomSmallSpaced noBorder\" ><hr><\/div><span class=\"btIco btIcoDefaultType btIcoExtraSmallSize btIcoDefaultColor btIconCircleShape\"><a href=\"mailto:kalacska@instrum.hu\"  target=\"no_target\" data-ico-fa=\"&#xf0e0;\" class=\"btIcoHolder\"><span>kalacska@instrum.hu<\/span><\/a><\/span><div class=\"btClear btSeparator bottomSmallSpaced noBorder\" ><hr><\/div><span class=\"btIco btIcoDefaultType btIcoExtraSmallSize btIcoDefaultColor btIconCircleShape\"><a href=\"tel:+36704312355\"  target=\"no_target\" data-ico-fa=\"&#xf095;\" class=\"btIcoHolder\"><span>+36 70 431 2355<\/span><\/a><\/span><div class=\"btClear btSeparator bottomSemiSpaced noBorder\" ><hr><\/div><\/div><\/div><\/div><\/div><div class=\"boldRow \" ><div class=\"boldRowInner\"><div class=\"rowItem col-md-4 col-ms-12 btTextLeft\"  data-width=\"4\"><div class=\"rowItemContent\" ><div class=\"btClear btSeparator topSmallSpaced noBorder\" ><hr><\/div><\/div><\/div><div class=\"rowItem col-md-4 col-ms-12 btTextLeft\"  data-width=\"4\"><div class=\"rowItemContent\" ><div class=\"btClear btSeparator topSmallSpaced noBorder\" ><hr><\/div><\/div><\/div><div class=\"rowItem col-md-4 col-ms-12 btTextLeft\"  data-width=\"4\"><div class=\"rowItemContent\" ><div class=\"btClear btSeparator topSmallSpaced noBorder\" ><hr><\/div><\/div><\/div><\/div><\/div><\/div><\/div><\/div><\/section><section id=\"bt_section6a045f2b93f47\"  class=\"boldSection bottomSpaced gutter boxed inherit\" style=\"background-color:#f2f1ed  !important;\"><div class=\"port\"><div class=\"boldCell\"><div class=\"boldCellInner\"><div class=\"boldRow \" ><div class=\"boldRowInner\"><div class=\"rowItem col-md-2  col-sm-4 col-ms-12 btTextLeft animate animate-fadein inherit btTextIndent\"  data-width=\"2\"><div class=\"rowItemContent\" style = \"background-color: rgba(255, 255, 255, 1); \"><\/div><\/div><div class=\"rowItem col-md-4 col-ms-12 btTextLeft animate animate-fadein inherit btTextIndent\"  data-width=\"4\"><div class=\"rowItemContent\" style = \"background-color: rgba(255, 255, 255, 1); \"><div class=\"bpgPhoto btDefaultHoverType\" ><div class = \"btImage\"><img decoding=\"async\" src=\"https:\/\/instrum.hu\/wp-content\/uploads\/2023\/05\/INST-Toth_Jozsef_v1.png\" alt=\"\" title=\"\"><\/div><\/div><div class=\"btClear btSeparator topSmallSpaced noBorder\" ><hr><\/div><header class=\"header btClear small  regular\" ><div class=\"dash\"><h4><span class=\"headline\">J\u00f3zsef T\u00f3th<\/span><\/h4><\/div><div class=\"btSubTitle\">Technischer Leiter; internationaler Kontakt<\/div><\/header><div class=\"btClear btSeparator bottomSmallSpaced noBorder\" ><hr><\/div><span class=\"btIco btIcoDefaultType btIcoExtraSmallSize btIcoDefaultColor btIconCircleShape\"><a href=\"mailto:j.toth@instrum.hu\"  target=\"no_target\" data-ico-fa=\"&#xf0e0;\" class=\"btIcoHolder\"><span>j.toth@instrum.hu<\/span><\/a><\/span><div class=\"btClear btSeparator bottomSmallSpaced noBorder\" ><hr><\/div><span class=\"btIco btIcoDefaultType btIcoExtraSmallSize btIcoDefaultColor btIconCircleShape\"><a href=\"tel:+36705923681\"  target=\"no_target\" data-ico-fa=\"&#xf095;\" class=\"btIcoHolder\"><span>+36 70 592 3681<\/span><\/a><\/span><div class=\"btClear btSeparator bottomSemiSpaced noBorder\" ><hr><\/div><\/div><\/div><div class=\"rowItem col-md-4 col-ms-12 btTextLeft animate animate-fadein inherit btTextIndent\"  data-width=\"4\"><div class=\"rowItemContent\" style = \"background-color: rgba(255, 255, 255, 1); \"><div class=\"bpgPhoto btDefaultHoverType\" ><div class = \"btImage\"><img decoding=\"async\" src=\"https:\/\/instrum.hu\/wp-content\/uploads\/2023\/05\/INST-Sebokne_Szadai_Katalin_v1.png\" alt=\"\" title=\"\"><\/div><\/div><div class=\"btClear btSeparator topSmallSpaced noBorder\" ><hr><\/div><header class=\"header btClear small  regular\" ><div class=\"dash\"><h4><span class=\"headline\">Katalin Seb\u0151kn\u00e9 Szadai<\/span><\/h4><\/div><div class=\"btSubTitle\">Produktionsassistentin<\/div><\/header><div class=\"btClear btSeparator bottomSmallSpaced noBorder\" ><hr><\/div><span class=\"btIco btIcoDefaultType btIcoExtraSmallSize btIcoDefaultColor btIconCircleShape\"><a href=\"mailto:instrum@instrum.hu\"  target=\"no_target\" data-ico-fa=\"&#xf0e0;\" class=\"btIcoHolder\"><span>instrum@instrum.hu<\/span><\/a><\/span><div class=\"btClear btSeparator bottomSmallSpaced noBorder\" ><hr><\/div><span class=\"btIco btIcoDefaultType btIcoExtraSmallSize btIcoDefaultColor btIconCircleShape\"><a href=\"tel:+3624489415\"  target=\"no_target\" data-ico-fa=\"&#xf095;\" class=\"btIcoHolder\"><span>+36 24 489 415<\/span><\/a><\/span><span class=\"btIco btIcoDefaultType btIcoExtraSmallSize btIcoDefaultColor btIconCircleShape\"><a href=\"tel:+36309517674\"  target=\"no_target\" data-ico-fa=\"&#xf095;\" class=\"btIcoHolder\"><span>+36 30 951 7674<\/span><\/a><\/span><div class=\"btClear btSeparator bottomSemiSpaced noBorder\" ><hr><\/div><\/div><\/div><div class=\"rowItem col-md-2  col-sm-4 col-ms-12 btTextLeft\"  data-width=\"2\"><div class=\"rowItemContent\" ><\/div><\/div><\/div><\/div><div class=\"boldRow \" ><div class=\"boldRowInner\"><div class=\"rowItem col-md-4 col-ms-12 btTextLeft\"  data-width=\"4\"><div class=\"rowItemContent\" ><div class=\"btClear btSeparator topSemiSpaced noBorder\" ><hr><\/div><\/div><\/div><div class=\"rowItem col-md-4 col-ms-12 btTextLeft\"  data-width=\"4\"><div class=\"rowItemContent\" ><div class=\"btClear btSeparator topSemiSpaced noBorder\" ><hr><\/div><\/div><\/div><div class=\"rowItem col-md-4 col-ms-12 btTextLeft\"  data-width=\"4\"><div class=\"rowItemContent\" ><div class=\"btClear btSeparator topSemiSpaced noBorder\" ><hr><\/div><\/div><\/div><\/div><\/div><\/div><\/div><\/div><\/section><\/p>\n","protected":false},"excerpt":{"rendered":"<p>Das Selbstvertrauen, das Engagement und die zukunftsweisenden Visionen unserer Mitarbeiter und F\u00fchrungskr\u00e4fte machen uns zu der Firma, die wir sind und die wir sein k\u00f6nnen.<\/p>\n","protected":false},"author":1,"featured_media":4928,"parent":5021,"menu_order":0,"comment_status":"closed","ping_status":"closed","template":"","meta":{"footnotes":""},"class_list":["post-5018","page","type-page","status-publish","has-post-thumbnail","hentry"],"yoast_head":"<!-- This site is optimized with the Yoast SEO plugin v23.8 - https:\/\/yoast.com\/wordpress\/plugins\/seo\/ -->\n<title>Unser Team - Instrum<\/title>\n<meta name=\"description\" content=\"Das Selbstvertrauen, das Engagement und die zukunftsweisenden Visionen unserer Mitarbeiter und F\u00fchrungskr\u00e4fte machen uns zu der Firma, die wir sind und die wir sein k\u00f6nnen.\" \/>\n<meta name=\"robots\" content=\"index, follow, max-snippet:-1, max-image-preview:large, max-video-preview:-1\" \/>\n<link rel=\"canonical\" href=\"https:\/\/instrum.hu\/de\/vorstellung\/unser-team\/\" \/>\n<meta property=\"og:locale\" content=\"de_DE\" \/>\n<meta property=\"og:type\" content=\"article\" \/>\n<meta property=\"og:title\" content=\"Unser Team - Instrum\" \/>\n<meta property=\"og:description\" content=\"Das Selbstvertrauen, das Engagement und die zukunftsweisenden Visionen unserer Mitarbeiter und F\u00fchrungskr\u00e4fte machen uns zu der Firma, die wir sind und die wir sein k\u00f6nnen.\" \/>\n<meta property=\"og:url\" content=\"https:\/\/instrum.hu\/de\/vorstellung\/unser-team\/\" \/>\n<meta property=\"og:site_name\" content=\"Instrum\" \/>\n<meta property=\"article:publisher\" content=\"https:\/\/www.facebook.com\/instrum.hu\" \/>\n<meta property=\"article:modified_time\" content=\"2025-06-04T13:43:25+00:00\" \/>\n<meta property=\"og:image\" content=\"https:\/\/instrum.hu\/wp-content\/uploads\/2023\/05\/INST-aloldal-header-csapatunk_v1.png\" \/>\n\t<meta property=\"og:image:width\" content=\"1800\" \/>\n\t<meta property=\"og:image:height\" content=\"452\" \/>\n\t<meta property=\"og:image:type\" content=\"image\/png\" \/>\n<meta name=\"twitter:card\" content=\"summary_large_image\" \/>\n<meta name=\"twitter:label1\" content=\"Gesch\u00e4tzte Lesezeit\" \/>\n\t<meta name=\"twitter:data1\" content=\"2\u00a0Minuten\" \/>\n<script type=\"application\/ld+json\" class=\"yoast-schema-graph\">{\"@context\":\"https:\/\/schema.org\",\"@graph\":[{\"@type\":\"WebPage\",\"@id\":\"https:\/\/instrum.hu\/de\/vorstellung\/unser-team\/\",\"url\":\"https:\/\/instrum.hu\/de\/vorstellung\/unser-team\/\",\"name\":\"Unser Team - Instrum\",\"isPartOf\":{\"@id\":\"https:\/\/instrum.hu\/de\/#website\"},\"primaryImageOfPage\":{\"@id\":\"https:\/\/instrum.hu\/de\/vorstellung\/unser-team\/#primaryimage\"},\"image\":{\"@id\":\"https:\/\/instrum.hu\/de\/vorstellung\/unser-team\/#primaryimage\"},\"thumbnailUrl\":\"https:\/\/instrum.hu\/wp-content\/uploads\/2023\/05\/INST-aloldal-header-csapatunk_v1.png\",\"datePublished\":\"2016-10-26T07:02:47+00:00\",\"dateModified\":\"2025-06-04T13:43:25+00:00\",\"description\":\"Das Selbstvertrauen, das Engagement und die zukunftsweisenden Visionen unserer Mitarbeiter und F\u00fchrungskr\u00e4fte machen uns zu der Firma, die wir sind und die wir sein k\u00f6nnen.\",\"breadcrumb\":{\"@id\":\"https:\/\/instrum.hu\/de\/vorstellung\/unser-team\/#breadcrumb\"},\"inLanguage\":\"de\",\"potentialAction\":[{\"@type\":\"ReadAction\",\"target\":[\"https:\/\/instrum.hu\/de\/vorstellung\/unser-team\/\"]}]},{\"@type\":\"ImageObject\",\"inLanguage\":\"de\",\"@id\":\"https:\/\/instrum.hu\/de\/vorstellung\/unser-team\/#primaryimage\",\"url\":\"https:\/\/instrum.hu\/wp-content\/uploads\/2023\/05\/INST-aloldal-header-csapatunk_v1.png\",\"contentUrl\":\"https:\/\/instrum.hu\/wp-content\/uploads\/2023\/05\/INST-aloldal-header-csapatunk_v1.png\",\"width\":1800,\"height\":452},{\"@type\":\"BreadcrumbList\",\"@id\":\"https:\/\/instrum.hu\/de\/vorstellung\/unser-team\/#breadcrumb\",\"itemListElement\":[{\"@type\":\"ListItem\",\"position\":1,\"name\":\"Kezd\u0151lap\",\"item\":\"https:\/\/instrum.hu\/de\/\"},{\"@type\":\"ListItem\",\"position\":2,\"name\":\"Vorstellung\",\"item\":\"https:\/\/instrum.hu\/de\/vorstellung\/\"},{\"@type\":\"ListItem\",\"position\":3,\"name\":\"Unser Team\"}]},{\"@type\":\"WebSite\",\"@id\":\"https:\/\/instrum.hu\/de\/#website\",\"url\":\"https:\/\/instrum.hu\/de\/\",\"name\":\"Instrum\",\"description\":\"CNC hosszeszterg\u00e1l\u00e1s, eszterg\u00e1l\u00e1s, k\u00f6sz\u00f6r\u00fcl\u00e9s - a NAVIGATOR Csoport tagja\",\"publisher\":{\"@id\":\"https:\/\/instrum.hu\/de\/#organization\"},\"potentialAction\":[{\"@type\":\"SearchAction\",\"target\":{\"@type\":\"EntryPoint\",\"urlTemplate\":\"https:\/\/instrum.hu\/de\/?s={search_term_string}\"},\"query-input\":{\"@type\":\"PropertyValueSpecification\",\"valueRequired\":true,\"valueName\":\"search_term_string\"}}],\"inLanguage\":\"de\"},{\"@type\":\"Organization\",\"@id\":\"https:\/\/instrum.hu\/de\/#organization\",\"name\":\"Instrum Kft.\",\"url\":\"https:\/\/instrum.hu\/de\/\",\"logo\":{\"@type\":\"ImageObject\",\"inLanguage\":\"de\",\"@id\":\"https:\/\/instrum.hu\/de\/#\/schema\/logo\/image\/\",\"url\":\"https:\/\/instrum.hu\/wp-content\/uploads\/2023\/04\/INST-logo_v3.png\",\"contentUrl\":\"https:\/\/instrum.hu\/wp-content\/uploads\/2023\/04\/INST-logo_v3.png\",\"width\":700,\"height\":300,\"caption\":\"Instrum Kft.\"},\"image\":{\"@id\":\"https:\/\/instrum.hu\/de\/#\/schema\/logo\/image\/\"},\"sameAs\":[\"https:\/\/www.facebook.com\/instrum.hu\"]}]}<\/script>\n<!-- \/ Yoast SEO plugin. -->","yoast_head_json":{"title":"Unser Team - Instrum","description":"Das Selbstvertrauen, das Engagement und die zukunftsweisenden Visionen unserer Mitarbeiter und F\u00fchrungskr\u00e4fte machen uns zu der Firma, die wir sind und die wir sein k\u00f6nnen.","robots":{"index":"index","follow":"follow","max-snippet":"max-snippet:-1","max-image-preview":"max-image-preview:large","max-video-preview":"max-video-preview:-1"},"canonical":"https:\/\/instrum.hu\/de\/vorstellung\/unser-team\/","og_locale":"de_DE","og_type":"article","og_title":"Unser Team - Instrum","og_description":"Das Selbstvertrauen, das Engagement und die zukunftsweisenden Visionen unserer Mitarbeiter und F\u00fchrungskr\u00e4fte machen uns zu der Firma, die wir sind und die wir sein k\u00f6nnen.","og_url":"https:\/\/instrum.hu\/de\/vorstellung\/unser-team\/","og_site_name":"Instrum","article_publisher":"https:\/\/www.facebook.com\/instrum.hu","article_modified_time":"2025-06-04T13:43:25+00:00","og_image":[{"width":1800,"height":452,"url":"https:\/\/instrum.hu\/wp-content\/uploads\/2023\/05\/INST-aloldal-header-csapatunk_v1.png","type":"image\/png"}],"twitter_card":"summary_large_image","twitter_misc":{"Gesch\u00e4tzte Lesezeit":"2\u00a0Minuten"},"schema":{"@context":"https:\/\/schema.org","@graph":[{"@type":"WebPage","@id":"https:\/\/instrum.hu\/de\/vorstellung\/unser-team\/","url":"https:\/\/instrum.hu\/de\/vorstellung\/unser-team\/","name":"Unser Team - Instrum","isPartOf":{"@id":"https:\/\/instrum.hu\/de\/#website"},"primaryImageOfPage":{"@id":"https:\/\/instrum.hu\/de\/vorstellung\/unser-team\/#primaryimage"},"image":{"@id":"https:\/\/instrum.hu\/de\/vorstellung\/unser-team\/#primaryimage"},"thumbnailUrl":"https:\/\/instrum.hu\/wp-content\/uploads\/2023\/05\/INST-aloldal-header-csapatunk_v1.png","datePublished":"2016-10-26T07:02:47+00:00","dateModified":"2025-06-04T13:43:25+00:00","description":"Das Selbstvertrauen, das Engagement und die zukunftsweisenden Visionen unserer Mitarbeiter und F\u00fchrungskr\u00e4fte machen uns zu der Firma, die wir sind und die wir sein k\u00f6nnen.","breadcrumb":{"@id":"https:\/\/instrum.hu\/de\/vorstellung\/unser-team\/#breadcrumb"},"inLanguage":"de","potentialAction":[{"@type":"ReadAction","target":["https:\/\/instrum.hu\/de\/vorstellung\/unser-team\/"]}]},{"@type":"ImageObject","inLanguage":"de","@id":"https:\/\/instrum.hu\/de\/vorstellung\/unser-team\/#primaryimage","url":"https:\/\/instrum.hu\/wp-content\/uploads\/2023\/05\/INST-aloldal-header-csapatunk_v1.png","contentUrl":"https:\/\/instrum.hu\/wp-content\/uploads\/2023\/05\/INST-aloldal-header-csapatunk_v1.png","width":1800,"height":452},{"@type":"BreadcrumbList","@id":"https:\/\/instrum.hu\/de\/vorstellung\/unser-team\/#breadcrumb","itemListElement":[{"@type":"ListItem","position":1,"name":"Kezd\u0151lap","item":"https:\/\/instrum.hu\/de\/"},{"@type":"ListItem","position":2,"name":"Vorstellung","item":"https:\/\/instrum.hu\/de\/vorstellung\/"},{"@type":"ListItem","position":3,"name":"Unser Team"}]},{"@type":"WebSite","@id":"https:\/\/instrum.hu\/de\/#website","url":"https:\/\/instrum.hu\/de\/","name":"Instrum","description":"CNC hosszeszterg\u00e1l\u00e1s, eszterg\u00e1l\u00e1s, k\u00f6sz\u00f6r\u00fcl\u00e9s - a NAVIGATOR Csoport tagja","publisher":{"@id":"https:\/\/instrum.hu\/de\/#organization"},"potentialAction":[{"@type":"SearchAction","target":{"@type":"EntryPoint","urlTemplate":"https:\/\/instrum.hu\/de\/?s={search_term_string}"},"query-input":{"@type":"PropertyValueSpecification","valueRequired":true,"valueName":"search_term_string"}}],"inLanguage":"de"},{"@type":"Organization","@id":"https:\/\/instrum.hu\/de\/#organization","name":"Instrum Kft.","url":"https:\/\/instrum.hu\/de\/","logo":{"@type":"ImageObject","inLanguage":"de","@id":"https:\/\/instrum.hu\/de\/#\/schema\/logo\/image\/","url":"https:\/\/instrum.hu\/wp-content\/uploads\/2023\/04\/INST-logo_v3.png","contentUrl":"https:\/\/instrum.hu\/wp-content\/uploads\/2023\/04\/INST-logo_v3.png","width":700,"height":300,"caption":"Instrum Kft."},"image":{"@id":"https:\/\/instrum.hu\/de\/#\/schema\/logo\/image\/"},"sameAs":["https:\/\/www.facebook.com\/instrum.hu"]}]}},"_links":{"self":[{"href":"https:\/\/instrum.hu\/de\/wp-json\/wp\/v2\/pages\/5018","targetHints":{"allow":["GET"]}}],"collection":[{"href":"https:\/\/instrum.hu\/de\/wp-json\/wp\/v2\/pages"}],"about":[{"href":"https:\/\/instrum.hu\/de\/wp-json\/wp\/v2\/types\/page"}],"author":[{"embeddable":true,"href":"https:\/\/instrum.hu\/de\/wp-json\/wp\/v2\/users\/1"}],"replies":[{"embeddable":true,"href":"https:\/\/instrum.hu\/de\/wp-json\/wp\/v2\/comments?post=5018"}],"version-history":[{"count":8,"href":"https:\/\/instrum.hu\/de\/wp-json\/wp\/v2\/pages\/5018\/revisions"}],"predecessor-version":[{"id":5286,"href":"https:\/\/instrum.hu\/de\/wp-json\/wp\/v2\/pages\/5018\/revisions\/5286"}],"up":[{"embeddable":true,"href":"https:\/\/instrum.hu\/de\/wp-json\/wp\/v2\/pages\/5021"}],"wp:featuredmedia":[{"embeddable":true,"href":"https:\/\/instrum.hu\/de\/wp-json\/wp\/v2\/media\/4928"}],"wp:attachment":[{"href":"https:\/\/instrum.hu\/de\/wp-json\/wp\/v2\/media?parent=5018"}],"curies":[{"name":"wp","href":"https:\/\/api.w.org\/{rel}","templated":true}]}}