{"id":5015,"date":"2016-07-13T09:51:21","date_gmt":"2016-07-13T09:51:21","guid":{"rendered":"https:\/\/instrum.hu\/maschinenpark\/"},"modified":"2025-04-17T10:13:26","modified_gmt":"2025-04-17T10:13:26","slug":"maschinenpark","status":"publish","type":"page","link":"https:\/\/instrum.hu\/de\/maschinenpark\/","title":{"rendered":"Maschinenpark"},"content":{"rendered":"<section id=\"bt_section69f2501bf342c\"  class=\"boldSection topSemiSpaced bottomSemiSpaced gutter boxed inherit\" ><div class=\"port\"><div class=\"boldCell\"><div class=\"boldCellInner\"><div class=\"boldRow \" ><div class=\"boldRowInner\"><div class=\"rowItem col-md-12 col-ms-12  btTextLeft inherit\"  data-width=\"12\"><div class=\"rowItemContent\" ><header class=\"header btClear medium btDash bottomDash  regular\" ><div class=\"dash\"><h3><span class=\"headline\">CNC L\u00e4ngsdrehenmaschinen<\/span><\/h3><\/div><\/header><div class=\"btClear btSeparator topSmallSpaced noBorder\" ><hr><\/div><div class=\"tilesWall btGridGallery tiled  btGridGap-20 lightbox\" data-col=\"3\"><div class=\"gridSizer\"><\/div><div class=\"gridItem btGhostSliderThumb bt11\" data-order-num=\"-1\"><div class=\"btTileBox\"><div class=\"bpgPhoto \" > \n\t\t\t\t\t<a href=\"https:\/\/instrum.hu\/wp-content\/uploads\/2023\/05\/Star_SR-20J.png\" class=\"lightbox\" data-title=\"\"><\/a>\n\t\t\t\t\t<div class=\"boldPhotoBox\"><div class=\"bpbItem\"><div class = \"btImage\"><img decoding=\"async\" src=\"https:\/\/instrum.hu\/wp-content\/uploads\/2023\/05\/Star_SR-20J.png\" alt=\"\" title=\"\"><\/div><\/div><\/div>\n\t\t\t\t\t<div class=\"captionPane btDarkSkin btTextCenter\">\n\t\t\t\t\t\t<div class=\"captionTable\">\n\t\t\t\t\t\t\t<div class=\"captionCell\">\n\t\t\t\t\t\t\t\t<div class=\"captionTxt\"><\/div>\n\t\t\t\t\t\t\t<\/div>\n\t\t\t\t\t\t<\/div>\n\t\t\t\t\t<\/div><\/div><\/div><\/div><div class=\"gridItem btGhostSliderThumb bt11\" data-order-num=\"0\"><div class=\"btTileBox\"><div class=\"bpgPhoto \" > \n\t\t\t\t\t<a href=\"https:\/\/instrum.hu\/wp-content\/uploads\/2023\/05\/Star_CNC_3.png\" class=\"lightbox\" data-title=\"\"><\/a>\n\t\t\t\t\t<div class=\"boldPhotoBox\"><div class=\"bpbItem\"><div class = \"btImage\"><img decoding=\"async\" src=\"https:\/\/instrum.hu\/wp-content\/uploads\/2023\/05\/Star_CNC_3.png\" alt=\"\" title=\"\"><\/div><\/div><\/div>\n\t\t\t\t\t<div class=\"captionPane btDarkSkin btTextCenter\">\n\t\t\t\t\t\t<div class=\"captionTable\">\n\t\t\t\t\t\t\t<div class=\"captionCell\">\n\t\t\t\t\t\t\t\t<div class=\"captionTxt\"><\/div>\n\t\t\t\t\t\t\t<\/div>\n\t\t\t\t\t\t<\/div>\n\t\t\t\t\t<\/div><\/div><\/div><\/div><div class=\"gridItem btGhostSliderThumb bt11\" data-order-num=\"1\"><div class=\"btTileBox\"><div class=\"bpgPhoto \" > \n\t\t\t\t\t<a href=\"https:\/\/instrum.hu\/wp-content\/uploads\/2023\/05\/Star_SB-20R.png\" class=\"lightbox\" data-title=\"\"><\/a>\n\t\t\t\t\t<div class=\"boldPhotoBox\"><div class=\"bpbItem\"><div class = \"btImage\"><img decoding=\"async\" src=\"https:\/\/instrum.hu\/wp-content\/uploads\/2023\/05\/Star_SB-20R.png\" alt=\"\" title=\"\"><\/div><\/div><\/div>\n\t\t\t\t\t<div class=\"captionPane btDarkSkin btTextCenter\">\n\t\t\t\t\t\t<div class=\"captionTable\">\n\t\t\t\t\t\t\t<div class=\"captionCell\">\n\t\t\t\t\t\t\t\t<div class=\"captionTxt\"><\/div>\n\t\t\t\t\t\t\t<\/div>\n\t\t\t\t\t\t<\/div>\n\t\t\t\t\t<\/div><\/div><\/div><\/div><div class=\"gridItem btGhostSliderThumb bt11\" data-order-num=\"2\"><div class=\"btTileBox\"><div class=\"bpgPhoto \" > \n\t\t\t\t\t<a href=\"https:\/\/instrum.hu\/wp-content\/uploads\/2023\/05\/Star_CNC.png\" class=\"lightbox\" data-title=\"\"><\/a>\n\t\t\t\t\t<div class=\"boldPhotoBox\"><div class=\"bpbItem\"><div class = \"btImage\"><img decoding=\"async\" src=\"https:\/\/instrum.hu\/wp-content\/uploads\/2023\/05\/Star_CNC.png\" alt=\"\" title=\"\"><\/div><\/div><\/div>\n\t\t\t\t\t<div class=\"captionPane btDarkSkin btTextCenter\">\n\t\t\t\t\t\t<div class=\"captionTable\">\n\t\t\t\t\t\t\t<div class=\"captionCell\">\n\t\t\t\t\t\t\t\t<div class=\"captionTxt\"><\/div>\n\t\t\t\t\t\t\t<\/div>\n\t\t\t\t\t\t<\/div>\n\t\t\t\t\t<\/div><\/div><\/div><\/div><div class=\"gridItem btGhostSliderThumb bt11\" data-order-num=\"3\"><div class=\"btTileBox\"><div class=\"bpgPhoto \" > \n\t\t\t\t\t<a href=\"https:\/\/instrum.hu\/wp-content\/uploads\/2023\/05\/Star_CNC_2.png\" class=\"lightbox\" data-title=\"\"><\/a>\n\t\t\t\t\t<div class=\"boldPhotoBox\"><div class=\"bpbItem\"><div class = \"btImage\"><img decoding=\"async\" src=\"https:\/\/instrum.hu\/wp-content\/uploads\/2023\/05\/Star_CNC_2.png\" alt=\"\" title=\"\"><\/div><\/div><\/div>\n\t\t\t\t\t<div class=\"captionPane btDarkSkin btTextCenter\">\n\t\t\t\t\t\t<div class=\"captionTable\">\n\t\t\t\t\t\t\t<div class=\"captionCell\">\n\t\t\t\t\t\t\t\t<div class=\"captionTxt\"><\/div>\n\t\t\t\t\t\t\t<\/div>\n\t\t\t\t\t\t<\/div>\n\t\t\t\t\t<\/div><\/div><\/div><\/div><div class=\"gridItem btGhostSliderThumb bt11\" data-order-num=\"4\"><div class=\"btTileBox\"><div class=\"bpgPhoto \" > \n\t\t\t\t\t<a href=\"https:\/\/instrum.hu\/wp-content\/uploads\/2023\/05\/Star_CNC_inside_new.png\" class=\"lightbox\" data-title=\"\"><\/a>\n\t\t\t\t\t<div class=\"boldPhotoBox\"><div class=\"bpbItem\"><div class = \"btImage\"><img decoding=\"async\" src=\"https:\/\/instrum.hu\/wp-content\/uploads\/2023\/05\/Star_CNC_inside_new.png\" alt=\"\" title=\"\"><\/div><\/div><\/div>\n\t\t\t\t\t<div class=\"captionPane btDarkSkin btTextCenter\">\n\t\t\t\t\t\t<div class=\"captionTable\">\n\t\t\t\t\t\t\t<div class=\"captionCell\">\n\t\t\t\t\t\t\t\t<div class=\"captionTxt\"><\/div>\n\t\t\t\t\t\t\t<\/div>\n\t\t\t\t\t\t<\/div>\n\t\t\t\t\t<\/div><\/div><\/div><\/div><\/div><div class=\"btClear btSeparator topSemiSpaced noBorder\" ><hr><\/div><div class=\"btText\" ><\/p>\n<table class=\"table table-striped\">\n<tbody>\n<tr>\n<th>Maschinentyp<\/th>\n<th>Information<\/th>\n<th>St\u00fcckzahl<\/th>\n<\/tr>\n<tr>\n<td>Star SR-10J<\/td>\n<td>Mit Gegenspindel, Stangendosierung, 5 Wellen \u00f8 10 mm<\/td>\n<td>1 Stk.<\/td>\n<\/tr>\n<tr>\n<td>Star SR-20J<\/td>\n<td>Mit Gegenspindel, Stangendosierung, 7 Wellen \u00f8 20 mm<\/td>\n<td>3 Stk.<\/td>\n<\/tr>\n<tr>\n<td>Star SB-20R<\/td>\n<td>Mit Gegenspindel, Stangendosierung, 7 Wellen \u00f8 20 mm<\/td>\n<td>1 Stk.<\/td>\n<\/tr>\n<tr>\n<td>Star SR-20R<\/td>\n<td>Mit Gegenspindel, Stangendosierung, 5 Wellen \u00f8 20 mm<\/td>\n<td>1 Stk.<\/td>\n<\/tr>\n<tr>\n<td>Star SR-20N<\/td>\n<td>Mit Gegenspindel, Stangendosierung, 5 Wellen \u00f8 20 mm<\/td>\n<td>1 Stk.<\/td>\n<\/tr>\n<\/tbody>\n<\/table>\n<p>\n<\/div><div class=\"btClear btSeparator topSpaced noBorder\" ><hr><\/div><\/div><\/div><\/div><\/div><div class=\"boldRow \" ><div class=\"boldRowInner\"><div class=\"rowItem col-md-12 col-ms-12  btTextLeft inherit\"  data-width=\"12\"><div class=\"rowItemContent\" ><header class=\"header btClear medium btDash bottomDash  regular\" ><div class=\"dash\"><h3><span class=\"headline\">CNC Drehmaschinen<\/span><\/h3><\/div><\/header><div class=\"btClear btSeparator topSmallSpaced noBorder\" ><hr><\/div><div class=\"tilesWall btGridGallery tiled  btGridGap-20 lightbox\" data-col=\"3\"><div class=\"gridSizer\"><\/div><div class=\"gridItem btGhostSliderThumb bt11\" data-order-num=\"0\"><div class=\"btTileBox\"><div class=\"bpgPhoto \" > \n\t\t\t\t\t<a href=\"https:\/\/instrum.hu\/wp-content\/uploads\/2023\/05\/CNC-1.jpg\" class=\"lightbox\" data-title=\"\"><\/a>\n\t\t\t\t\t<div class=\"boldPhotoBox\"><div class=\"bpbItem\"><div class = \"btImage\"><img decoding=\"async\" src=\"https:\/\/instrum.hu\/wp-content\/uploads\/2023\/05\/CNC-1.jpg\" alt=\"\" title=\"\"><\/div><\/div><\/div>\n\t\t\t\t\t<div class=\"captionPane btDarkSkin btTextCenter\">\n\t\t\t\t\t\t<div class=\"captionTable\">\n\t\t\t\t\t\t\t<div class=\"captionCell\">\n\t\t\t\t\t\t\t\t<div class=\"captionTxt\"><\/div>\n\t\t\t\t\t\t\t<\/div>\n\t\t\t\t\t\t<\/div>\n\t\t\t\t\t<\/div><\/div><\/div><\/div><div class=\"gridItem btGhostSliderThumb bt11\" data-order-num=\"1\"><div class=\"btTileBox\"><div class=\"bpgPhoto \" > \n\t\t\t\t\t<a href=\"https:\/\/instrum.hu\/wp-content\/uploads\/2023\/05\/CNC-2.jpg\" class=\"lightbox\" data-title=\"\"><\/a>\n\t\t\t\t\t<div class=\"boldPhotoBox\"><div class=\"bpbItem\"><div class = \"btImage\"><img decoding=\"async\" src=\"https:\/\/instrum.hu\/wp-content\/uploads\/2023\/05\/CNC-2.jpg\" alt=\"\" title=\"\"><\/div><\/div><\/div>\n\t\t\t\t\t<div class=\"captionPane btDarkSkin btTextCenter\">\n\t\t\t\t\t\t<div class=\"captionTable\">\n\t\t\t\t\t\t\t<div class=\"captionCell\">\n\t\t\t\t\t\t\t\t<div class=\"captionTxt\"><\/div>\n\t\t\t\t\t\t\t<\/div>\n\t\t\t\t\t\t<\/div>\n\t\t\t\t\t<\/div><\/div><\/div><\/div><div class=\"gridItem btGhostSliderThumb bt11\" data-order-num=\"2\"><div class=\"btTileBox\"><div class=\"bpgPhoto \" > \n\t\t\t\t\t<a href=\"https:\/\/instrum.hu\/wp-content\/uploads\/2023\/05\/CNC-3.jpg\" class=\"lightbox\" data-title=\"\"><\/a>\n\t\t\t\t\t<div class=\"boldPhotoBox\"><div class=\"bpbItem\"><div class = \"btImage\"><img decoding=\"async\" src=\"https:\/\/instrum.hu\/wp-content\/uploads\/2023\/05\/CNC-3.jpg\" alt=\"\" title=\"\"><\/div><\/div><\/div>\n\t\t\t\t\t<div class=\"captionPane btDarkSkin btTextCenter\">\n\t\t\t\t\t\t<div class=\"captionTable\">\n\t\t\t\t\t\t\t<div class=\"captionCell\">\n\t\t\t\t\t\t\t\t<div class=\"captionTxt\"><\/div>\n\t\t\t\t\t\t\t<\/div>\n\t\t\t\t\t\t<\/div>\n\t\t\t\t\t<\/div><\/div><\/div><\/div><\/div><div class=\"btClear btSeparator topSemiSpaced noBorder\" ><hr><\/div><div class=\"btText\" ><\/p>\n<table class=\"table table-striped\">\n<tbody>\n<tr>\n<th>Maschinentyp<\/th>\n<th>Information<\/th>\n<th>St\u00fcckzahl<\/th>\n<\/tr>\n<tr>\n<td>Okuma Genos L300 MYW<\/td>\n<td>Mit Stangendosierung, angetriebenem Werkzeug, Y- und C-Achse, Gegenspindel. Aus Stangenmaterial \u00d870 mm, aus Scheiben \u00d8220 mm.<\/td>\n<td>1 Stk.<\/td>\n<\/tr>\n<tr>\n<td>YCM GT-200MA<\/td>\n<td>Mit Stangendosierung, angetriebenem Werkzeug, C-Welle. Aus Stangenmaterial \u00d8 43 mm, aus zerst\u00fcckeltem Material \u00d8120 mm.<\/td>\n<td>2 Stk.<\/td>\n<\/tr>\n<\/tbody>\n<\/table>\n<p>\n<\/div><div class=\"btClear btSeparator topSpaced noBorder\" ><hr><\/div><\/div><\/div><\/div><\/div><div class=\"boldRow \" ><div class=\"boldRowInner\"><div class=\"rowItem col-md-12 col-ms-12  btTextLeft inherit\"  data-width=\"12\"><div class=\"rowItemContent\" ><header class=\"header btClear medium btDash bottomDash  regular\" ><div class=\"dash\"><h3><span class=\"headline\">Schleifmaschinen<\/span><\/h3><\/div><\/header><div class=\"btClear btSeparator topSmallSpaced noBorder\" ><hr><\/div><div class=\"tilesWall btGridGallery tiled  btGridGap-20 lightbox\" data-col=\"3\"><div class=\"gridSizer\"><\/div><div class=\"gridItem btGhostSliderThumb bt11\" data-order-num=\"0\"><div class=\"btTileBox\"><div class=\"bpgPhoto \" > \n\t\t\t\t\t<a href=\"https:\/\/instrum.hu\/wp-content\/uploads\/2023\/05\/Grinder-1.jpg\" class=\"lightbox\" data-title=\"\"><\/a>\n\t\t\t\t\t<div class=\"boldPhotoBox\"><div class=\"bpbItem\"><div class = \"btImage\"><img decoding=\"async\" src=\"https:\/\/instrum.hu\/wp-content\/uploads\/2023\/05\/Grinder-1.jpg\" alt=\"\" title=\"\"><\/div><\/div><\/div>\n\t\t\t\t\t<div class=\"captionPane btDarkSkin btTextCenter\">\n\t\t\t\t\t\t<div class=\"captionTable\">\n\t\t\t\t\t\t\t<div class=\"captionCell\">\n\t\t\t\t\t\t\t\t<div class=\"captionTxt\"><\/div>\n\t\t\t\t\t\t\t<\/div>\n\t\t\t\t\t\t<\/div>\n\t\t\t\t\t<\/div><\/div><\/div><\/div><div class=\"gridItem btGhostSliderThumb bt11\" data-order-num=\"1\"><div class=\"btTileBox\"><div class=\"bpgPhoto \" > \n\t\t\t\t\t<a href=\"https:\/\/instrum.hu\/wp-content\/uploads\/2023\/05\/Grinder-2.jpg\" class=\"lightbox\" data-title=\"\"><\/a>\n\t\t\t\t\t<div class=\"boldPhotoBox\"><div class=\"bpbItem\"><div class = \"btImage\"><img decoding=\"async\" src=\"https:\/\/instrum.hu\/wp-content\/uploads\/2023\/05\/Grinder-2.jpg\" alt=\"\" title=\"\"><\/div><\/div><\/div>\n\t\t\t\t\t<div class=\"captionPane btDarkSkin btTextCenter\">\n\t\t\t\t\t\t<div class=\"captionTable\">\n\t\t\t\t\t\t\t<div class=\"captionCell\">\n\t\t\t\t\t\t\t\t<div class=\"captionTxt\"><\/div>\n\t\t\t\t\t\t\t<\/div>\n\t\t\t\t\t\t<\/div>\n\t\t\t\t\t<\/div><\/div><\/div><\/div><div class=\"gridItem btGhostSliderThumb bt11\" data-order-num=\"2\"><div class=\"btTileBox\"><div class=\"bpgPhoto \" > \n\t\t\t\t\t<a href=\"https:\/\/instrum.hu\/wp-content\/uploads\/2023\/05\/Grinder-3.jpg\" class=\"lightbox\" data-title=\"\"><\/a>\n\t\t\t\t\t<div class=\"boldPhotoBox\"><div class=\"bpbItem\"><div class = \"btImage\"><img decoding=\"async\" src=\"https:\/\/instrum.hu\/wp-content\/uploads\/2023\/05\/Grinder-3.jpg\" alt=\"\" title=\"\"><\/div><\/div><\/div>\n\t\t\t\t\t<div class=\"captionPane btDarkSkin btTextCenter\">\n\t\t\t\t\t\t<div class=\"captionTable\">\n\t\t\t\t\t\t\t<div class=\"captionCell\">\n\t\t\t\t\t\t\t\t<div class=\"captionTxt\"><\/div>\n\t\t\t\t\t\t\t<\/div>\n\t\t\t\t\t\t<\/div>\n\t\t\t\t\t<\/div><\/div><\/div><\/div><\/div><div class=\"btClear btSeparator topSemiSpaced noBorder\" ><hr><\/div><div class=\"btText\" ><\/p>\n<table class=\"table table-striped\">\n<tbody>\n<tr>\n<th>Maschinentyp<\/th>\n<th>Information<\/th>\n<th>St\u00fcckzahl<\/th>\n<\/tr>\n<tr>\n<td>KOEBAU MULTIMAT<\/td>\n<td>Schleifmaschine ohne Spitze, Durchlassen 75 mm<\/td>\n<td>1 Stk.<\/td>\n<\/tr>\n<tr>\n<td>MIKROSA SAS2 12T<\/td>\n<td>Schleifmaschine ohne Spitze, Durchlassen 80 mm<\/td>\n<td>1 Stk.<\/td>\n<\/tr>\n<\/tbody>\n<\/table>\n<p>\n<\/div><div class=\"btClear btSeparator topSpaced noBorder\" ><hr><\/div><\/div><\/div><\/div><\/div><div class=\"boldRow \" ><div class=\"boldRowInner\"><div class=\"rowItem col-md-12 col-ms-12  btTextLeft inherit\"  data-width=\"12\"><div class=\"rowItemContent\" ><header class=\"header btClear medium btDash bottomDash  regular\" ><div class=\"dash\"><h3><span class=\"headline\">Selbst entwickelte Spezialmaschine<\/span><\/h3><\/div><\/header><div class=\"btClear btSeparator topSmallSpaced noBorder\" ><hr><\/div><div class=\"boldRow \" ><div class=\"boldRowInner\"><div class=\"rowItem rowInnerItem col-sm-6  btTextLeft\"  ><div class=\"rowItemContent\"><div class=\"btText\" ><\/p>\n<p>Im Jahre 2019 hat das technische Team von Instrum Kft. im Rahmen einer eigenfinanzierten Entwicklungsinvestition eine spezielle Maschine entwickelt und hergestellt. Die Maschine ist so konzipiert, dass sie die f\u00fcr bestimmte Produkte erforderlichen pr\u00e4zisen (und im Vergleich zu den bisherigen L\u00f6sungen wesentlich leistungsf\u00e4higeren) Nachbearbeitungsarbeiten erleichtert.<\/p>\n<p>Wir sind stolz auf die Kreativit\u00e4t und Professionalit\u00e4t unserer Kollegen, ohne deren pr\u00e4zise Planung diese Maschine nicht h\u00e4tte verwirklicht werden k\u00f6nnen.<\/p>\n<p>\n<\/div><div class=\"btClear btSeparator topSemiSpaced noBorder\" ><hr><\/div><\/div><\/div><div class=\"rowItem rowInnerItem col-sm-6  btTextLeft\"  ><div class=\"rowItemContent\"><div class=\"bpgPhoto btDefaultHoverType\" ><div class = \"btImage\"><img decoding=\"async\" src=\"https:\/\/instrum.hu\/wp-content\/uploads\/2023\/05\/INST-celgep_v4.png\" alt=\"\" title=\"\"><\/div><\/div><\/div><\/div><\/div><\/div><div class=\"btClear btSeparator topSemiSpaced noBorder\" ><hr><\/div><\/div><\/div><\/div><\/div><\/div><\/div><\/div><\/section>\n","protected":false},"excerpt":{"rendered":"<p>Unser sich st\u00e4ndig weiterentwickelnder Maschinenpark umfasst CNC-L\u00e4ngsdrehmaschinen, Drehmaschinen, Schleifmaschinen und eine selbstentwickelte Spezialmaschine.<\/p>\n","protected":false},"author":1,"featured_media":4968,"parent":0,"menu_order":0,"comment_status":"closed","ping_status":"closed","template":"","meta":{"footnotes":""},"class_list":["post-5015","page","type-page","status-publish","has-post-thumbnail","hentry"],"yoast_head":"<!-- This site is optimized with the Yoast SEO plugin v23.8 - https:\/\/yoast.com\/wordpress\/plugins\/seo\/ -->\n<title>Maschinenpark - Instrum<\/title>\n<meta name=\"description\" content=\"Unser sich st\u00e4ndig weiterentwickelnder Maschinenpark umfasst CNC-L\u00e4ngsdrehmaschinen, Drehmaschinen, Schleifmaschinen und eine selbstentwickelte Spezialmaschine.\" \/>\n<meta name=\"robots\" content=\"index, follow, max-snippet:-1, max-image-preview:large, max-video-preview:-1\" \/>\n<link rel=\"canonical\" href=\"https:\/\/instrum.hu\/de\/maschinenpark\/\" \/>\n<meta property=\"og:locale\" content=\"de_DE\" \/>\n<meta property=\"og:type\" content=\"article\" \/>\n<meta property=\"og:title\" content=\"Maschinenpark - Instrum\" \/>\n<meta property=\"og:description\" content=\"Unser sich st\u00e4ndig weiterentwickelnder Maschinenpark umfasst CNC-L\u00e4ngsdrehmaschinen, Drehmaschinen, Schleifmaschinen und eine selbstentwickelte Spezialmaschine.\" \/>\n<meta property=\"og:url\" content=\"https:\/\/instrum.hu\/de\/maschinenpark\/\" \/>\n<meta property=\"og:site_name\" content=\"Instrum\" \/>\n<meta property=\"article:publisher\" content=\"https:\/\/www.facebook.com\/instrum.hu\" \/>\n<meta property=\"article:modified_time\" content=\"2025-04-17T10:13:26+00:00\" \/>\n<meta property=\"og:image\" content=\"https:\/\/instrum.hu\/wp-content\/uploads\/2023\/05\/INST-geppark-header_v1.jpg\" \/>\n\t<meta property=\"og:image:width\" content=\"1920\" \/>\n\t<meta property=\"og:image:height\" content=\"452\" \/>\n\t<meta property=\"og:image:type\" content=\"image\/jpeg\" \/>\n<meta name=\"twitter:card\" content=\"summary_large_image\" \/>\n<meta name=\"twitter:label1\" content=\"Gesch\u00e4tzte Lesezeit\" \/>\n\t<meta name=\"twitter:data1\" content=\"4\u00a0Minuten\" \/>\n<script type=\"application\/ld+json\" class=\"yoast-schema-graph\">{\"@context\":\"https:\/\/schema.org\",\"@graph\":[{\"@type\":\"WebPage\",\"@id\":\"https:\/\/instrum.hu\/de\/maschinenpark\/\",\"url\":\"https:\/\/instrum.hu\/de\/maschinenpark\/\",\"name\":\"Maschinenpark - Instrum\",\"isPartOf\":{\"@id\":\"https:\/\/instrum.hu\/de\/#website\"},\"primaryImageOfPage\":{\"@id\":\"https:\/\/instrum.hu\/de\/maschinenpark\/#primaryimage\"},\"image\":{\"@id\":\"https:\/\/instrum.hu\/de\/maschinenpark\/#primaryimage\"},\"thumbnailUrl\":\"https:\/\/instrum.hu\/wp-content\/uploads\/2023\/05\/INST-geppark-header_v1.jpg\",\"datePublished\":\"2016-07-13T09:51:21+00:00\",\"dateModified\":\"2025-04-17T10:13:26+00:00\",\"description\":\"Unser sich st\u00e4ndig weiterentwickelnder Maschinenpark umfasst CNC-L\u00e4ngsdrehmaschinen, Drehmaschinen, Schleifmaschinen und eine selbstentwickelte Spezialmaschine.\",\"breadcrumb\":{\"@id\":\"https:\/\/instrum.hu\/de\/maschinenpark\/#breadcrumb\"},\"inLanguage\":\"de\",\"potentialAction\":[{\"@type\":\"ReadAction\",\"target\":[\"https:\/\/instrum.hu\/de\/maschinenpark\/\"]}]},{\"@type\":\"ImageObject\",\"inLanguage\":\"de\",\"@id\":\"https:\/\/instrum.hu\/de\/maschinenpark\/#primaryimage\",\"url\":\"https:\/\/instrum.hu\/wp-content\/uploads\/2023\/05\/INST-geppark-header_v1.jpg\",\"contentUrl\":\"https:\/\/instrum.hu\/wp-content\/uploads\/2023\/05\/INST-geppark-header_v1.jpg\",\"width\":1920,\"height\":452},{\"@type\":\"BreadcrumbList\",\"@id\":\"https:\/\/instrum.hu\/de\/maschinenpark\/#breadcrumb\",\"itemListElement\":[{\"@type\":\"ListItem\",\"position\":1,\"name\":\"Kezd\u0151lap\",\"item\":\"https:\/\/instrum.hu\/de\/\"},{\"@type\":\"ListItem\",\"position\":2,\"name\":\"Maschinenpark\"}]},{\"@type\":\"WebSite\",\"@id\":\"https:\/\/instrum.hu\/de\/#website\",\"url\":\"https:\/\/instrum.hu\/de\/\",\"name\":\"Instrum\",\"description\":\"CNC hosszeszterg\u00e1l\u00e1s, eszterg\u00e1l\u00e1s, k\u00f6sz\u00f6r\u00fcl\u00e9s - a NAVIGATOR Csoport tagja\",\"publisher\":{\"@id\":\"https:\/\/instrum.hu\/de\/#organization\"},\"potentialAction\":[{\"@type\":\"SearchAction\",\"target\":{\"@type\":\"EntryPoint\",\"urlTemplate\":\"https:\/\/instrum.hu\/de\/?s={search_term_string}\"},\"query-input\":{\"@type\":\"PropertyValueSpecification\",\"valueRequired\":true,\"valueName\":\"search_term_string\"}}],\"inLanguage\":\"de\"},{\"@type\":\"Organization\",\"@id\":\"https:\/\/instrum.hu\/de\/#organization\",\"name\":\"Instrum Kft.\",\"url\":\"https:\/\/instrum.hu\/de\/\",\"logo\":{\"@type\":\"ImageObject\",\"inLanguage\":\"de\",\"@id\":\"https:\/\/instrum.hu\/de\/#\/schema\/logo\/image\/\",\"url\":\"https:\/\/instrum.hu\/wp-content\/uploads\/2023\/04\/INST-logo_v3.png\",\"contentUrl\":\"https:\/\/instrum.hu\/wp-content\/uploads\/2023\/04\/INST-logo_v3.png\",\"width\":700,\"height\":300,\"caption\":\"Instrum Kft.\"},\"image\":{\"@id\":\"https:\/\/instrum.hu\/de\/#\/schema\/logo\/image\/\"},\"sameAs\":[\"https:\/\/www.facebook.com\/instrum.hu\"]}]}<\/script>\n<!-- \/ Yoast SEO plugin. -->","yoast_head_json":{"title":"Maschinenpark - Instrum","description":"Unser sich st\u00e4ndig weiterentwickelnder Maschinenpark umfasst CNC-L\u00e4ngsdrehmaschinen, Drehmaschinen, Schleifmaschinen und eine selbstentwickelte Spezialmaschine.","robots":{"index":"index","follow":"follow","max-snippet":"max-snippet:-1","max-image-preview":"max-image-preview:large","max-video-preview":"max-video-preview:-1"},"canonical":"https:\/\/instrum.hu\/de\/maschinenpark\/","og_locale":"de_DE","og_type":"article","og_title":"Maschinenpark - Instrum","og_description":"Unser sich st\u00e4ndig weiterentwickelnder Maschinenpark umfasst CNC-L\u00e4ngsdrehmaschinen, Drehmaschinen, Schleifmaschinen und eine selbstentwickelte Spezialmaschine.","og_url":"https:\/\/instrum.hu\/de\/maschinenpark\/","og_site_name":"Instrum","article_publisher":"https:\/\/www.facebook.com\/instrum.hu","article_modified_time":"2025-04-17T10:13:26+00:00","og_image":[{"width":1920,"height":452,"url":"https:\/\/instrum.hu\/wp-content\/uploads\/2023\/05\/INST-geppark-header_v1.jpg","type":"image\/jpeg"}],"twitter_card":"summary_large_image","twitter_misc":{"Gesch\u00e4tzte Lesezeit":"4\u00a0Minuten"},"schema":{"@context":"https:\/\/schema.org","@graph":[{"@type":"WebPage","@id":"https:\/\/instrum.hu\/de\/maschinenpark\/","url":"https:\/\/instrum.hu\/de\/maschinenpark\/","name":"Maschinenpark - Instrum","isPartOf":{"@id":"https:\/\/instrum.hu\/de\/#website"},"primaryImageOfPage":{"@id":"https:\/\/instrum.hu\/de\/maschinenpark\/#primaryimage"},"image":{"@id":"https:\/\/instrum.hu\/de\/maschinenpark\/#primaryimage"},"thumbnailUrl":"https:\/\/instrum.hu\/wp-content\/uploads\/2023\/05\/INST-geppark-header_v1.jpg","datePublished":"2016-07-13T09:51:21+00:00","dateModified":"2025-04-17T10:13:26+00:00","description":"Unser sich st\u00e4ndig weiterentwickelnder Maschinenpark umfasst CNC-L\u00e4ngsdrehmaschinen, Drehmaschinen, Schleifmaschinen und eine selbstentwickelte Spezialmaschine.","breadcrumb":{"@id":"https:\/\/instrum.hu\/de\/maschinenpark\/#breadcrumb"},"inLanguage":"de","potentialAction":[{"@type":"ReadAction","target":["https:\/\/instrum.hu\/de\/maschinenpark\/"]}]},{"@type":"ImageObject","inLanguage":"de","@id":"https:\/\/instrum.hu\/de\/maschinenpark\/#primaryimage","url":"https:\/\/instrum.hu\/wp-content\/uploads\/2023\/05\/INST-geppark-header_v1.jpg","contentUrl":"https:\/\/instrum.hu\/wp-content\/uploads\/2023\/05\/INST-geppark-header_v1.jpg","width":1920,"height":452},{"@type":"BreadcrumbList","@id":"https:\/\/instrum.hu\/de\/maschinenpark\/#breadcrumb","itemListElement":[{"@type":"ListItem","position":1,"name":"Kezd\u0151lap","item":"https:\/\/instrum.hu\/de\/"},{"@type":"ListItem","position":2,"name":"Maschinenpark"}]},{"@type":"WebSite","@id":"https:\/\/instrum.hu\/de\/#website","url":"https:\/\/instrum.hu\/de\/","name":"Instrum","description":"CNC hosszeszterg\u00e1l\u00e1s, eszterg\u00e1l\u00e1s, k\u00f6sz\u00f6r\u00fcl\u00e9s - a NAVIGATOR Csoport tagja","publisher":{"@id":"https:\/\/instrum.hu\/de\/#organization"},"potentialAction":[{"@type":"SearchAction","target":{"@type":"EntryPoint","urlTemplate":"https:\/\/instrum.hu\/de\/?s={search_term_string}"},"query-input":{"@type":"PropertyValueSpecification","valueRequired":true,"valueName":"search_term_string"}}],"inLanguage":"de"},{"@type":"Organization","@id":"https:\/\/instrum.hu\/de\/#organization","name":"Instrum Kft.","url":"https:\/\/instrum.hu\/de\/","logo":{"@type":"ImageObject","inLanguage":"de","@id":"https:\/\/instrum.hu\/de\/#\/schema\/logo\/image\/","url":"https:\/\/instrum.hu\/wp-content\/uploads\/2023\/04\/INST-logo_v3.png","contentUrl":"https:\/\/instrum.hu\/wp-content\/uploads\/2023\/04\/INST-logo_v3.png","width":700,"height":300,"caption":"Instrum Kft."},"image":{"@id":"https:\/\/instrum.hu\/de\/#\/schema\/logo\/image\/"},"sameAs":["https:\/\/www.facebook.com\/instrum.hu"]}]}},"_links":{"self":[{"href":"https:\/\/instrum.hu\/de\/wp-json\/wp\/v2\/pages\/5015","targetHints":{"allow":["GET"]}}],"collection":[{"href":"https:\/\/instrum.hu\/de\/wp-json\/wp\/v2\/pages"}],"about":[{"href":"https:\/\/instrum.hu\/de\/wp-json\/wp\/v2\/types\/page"}],"author":[{"embeddable":true,"href":"https:\/\/instrum.hu\/de\/wp-json\/wp\/v2\/users\/1"}],"replies":[{"embeddable":true,"href":"https:\/\/instrum.hu\/de\/wp-json\/wp\/v2\/comments?post=5015"}],"version-history":[{"count":1,"href":"https:\/\/instrum.hu\/de\/wp-json\/wp\/v2\/pages\/5015\/revisions"}],"predecessor-version":[{"id":5265,"href":"https:\/\/instrum.hu\/de\/wp-json\/wp\/v2\/pages\/5015\/revisions\/5265"}],"wp:featuredmedia":[{"embeddable":true,"href":"https:\/\/instrum.hu\/de\/wp-json\/wp\/v2\/media\/4968"}],"wp:attachment":[{"href":"https:\/\/instrum.hu\/de\/wp-json\/wp\/v2\/media?parent=5015"}],"curies":[{"name":"wp","href":"https:\/\/api.w.org\/{rel}","templated":true}]}}