{"id":5011,"date":"2016-10-26T07:04:47","date_gmt":"2016-10-26T07:04:47","guid":{"rendered":"https:\/\/instrum.hu\/qualitaet\/"},"modified":"2023-06-27T16:49:26","modified_gmt":"2023-06-27T16:49:26","slug":"qualitaet","status":"publish","type":"page","link":"https:\/\/instrum.hu\/de\/qualitaet\/","title":{"rendered":"Qualit\u00e4t"},"content":{"rendered":"<section id=\"bt_section69e460db065c0\"  class=\"boldSection topSpaced bottomSemiSpaced gutter boxed inherit\" ><div class=\"port\"><div class=\"boldCell\"><div class=\"boldCellInner\"><div class=\"boldRow \" ><div class=\"boldRowInner\"><div class=\"rowItem col-md-6 col-sm-12 btTextLeft animate animate-fadein inherit\"  data-width=\"6\"><div class=\"rowItemContent\" ><div class=\"btText\" ><\/p>\n<h6>Wir haben uns verpflichtet, ein Qualit\u00e4tsmanagementsystem einzuf\u00fchren, umzusetzen, aufrechtzuerhalten und st\u00e4ndig zu verbessern, das&#8230;<\/h6>\n<p>\n<\/div><div class=\"btClear btSeparator topSmallSpaced noBorder\" ><hr><\/div><div class=\"btClear btSeparator topSmallSpaced noBorder\" ><hr><\/div><div class=\"servicesItem  btIcoAccentColorIcon btIcoSmallSizeIcon \"><div class=\"sIcon\"><span class=\"btIco btIcoSmallSize btIcoDefaultType btIcoAccentColor btIconCircleShape\"><span  data-ico-es=\"&#xea39;\" class=\"btIcoHolder\"><\/span><\/span><\/div><div class=\"sTxt\"><header class=\"header btClear small\" ><div class=\"dash\"><\/div><div class=\"btSubTitle\">Uns Tag f\u00fcr Tag klar macht, wie wichtig es ist, das Vertrauen unserer Kunden genie\u00dfen zu k\u00f6nnen, ihre Auftr\u00e4ge zu gewinnen und sicherzustellen, dass die Qualit\u00e4t der von uns hergestellten Teile den Erwartungen unserer anspruchsvollsten Kunden entspricht.<\/div><\/header><\/div><\/div><div class=\"btClear btSeparator topExtraSmallSpaced noBorder\" ><hr><\/div><div class=\"servicesItem  btIcoAccentColorIcon btIcoSmallSizeIcon \"><div class=\"sIcon\"><span class=\"btIco btIcoSmallSize btIcoDefaultType btIcoAccentColor btIconCircleShape\"><span  data-ico-es=\"&#xea39;\" class=\"btIcoHolder\"><\/span><\/span><\/div><div class=\"sTxt\"><header class=\"header btClear small\" ><div class=\"dash\"><\/div><div class=\"btSubTitle\">Besonders auf die Herstellung unserer Ersatzteile f\u00fcr die Automobilindustrie achtet und sicherstellt, dass die Anforderungen unserer Kunden an die Produktsicherheit erf\u00fcllt werden.<\/div><\/header><\/div><\/div><div class=\"btClear btSeparator topExtraSmallSpaced noBorder\" ><hr><\/div><div class=\"servicesItem  btIcoAccentColorIcon btIcoSmallSizeIcon \"><div class=\"sIcon\"><span class=\"btIco btIcoSmallSize btIcoDefaultType btIcoAccentColor btIconCircleShape\"><span  data-ico-es=\"&#xea39;\" class=\"btIcoHolder\"><\/span><\/span><\/div><div class=\"sTxt\"><header class=\"header btClear small\" ><div class=\"dash\"><\/div><div class=\"btSubTitle\">Unsere Aufmerksamkeit und unsere Ressourcen auf die Bereiche konzentriert, wo wir mehr tun m\u00fcssen, um die Zufriedenheit unserer Kunden und Mitarbeiter zu gew\u00e4hrleisten.<\/div><\/header><\/div><\/div><div class=\"btClear btSeparator topExtraSmallSpaced noBorder\" ><hr><\/div><div class=\"servicesItem  btIcoAccentColorIcon btIcoSmallSizeIcon \"><div class=\"sIcon\"><span class=\"btIco btIcoSmallSize btIcoDefaultType btIcoAccentColor btIconCircleShape\"><span  data-ico-es=\"&#xea39;\" class=\"btIcoHolder\"><\/span><\/span><\/div><div class=\"sTxt\"><header class=\"header btClear small\" ><div class=\"dash\"><\/div><div class=\"btSubTitle\">Die Planung und die sorgf\u00e4ltige Abw\u00e4gung der Aufgaben verst\u00e4rkt, so dass die Ressourcen in erster Linie auf die Vorbeugung und nicht auf die st\u00e4ndige Behebung von Fehlern konzentriert werden.<\/div><\/header><\/div><\/div><div class=\"btClear btSeparator topExtraSmallSpaced noBorder\" ><hr><\/div><div class=\"servicesItem  btIcoAccentColorIcon btIcoSmallSizeIcon \"><div class=\"sIcon\"><span class=\"btIco btIcoSmallSize btIcoDefaultType btIcoAccentColor btIconCircleShape\"><span  data-ico-es=\"&#xea39;\" class=\"btIcoHolder\"><\/span><\/span><\/div><div class=\"sTxt\"><header class=\"header btClear small\" ><div class=\"dash\"><\/div><div class=\"btSubTitle\">Durch die Aufzeichnung der Daten, Informationen und Erfahrungen uns hilft, auf Fakten basierende Schlussfolgerungen und begr\u00fcndete Entscheidungen zu treffen.<\/div><\/header><\/div><\/div><div class=\"btClear btSeparator topExtraSmallSpaced noBorder\" ><hr><\/div><div class=\"servicesItem  btIcoAccentColorIcon btIcoSmallSizeIcon \"><div class=\"sIcon\"><span class=\"btIco btIcoSmallSize btIcoDefaultType btIcoAccentColor btIconCircleShape\"><span  data-ico-es=\"&#xea39;\" class=\"btIcoHolder\"><\/span><\/span><\/div><div class=\"sTxt\"><header class=\"header btClear small\" ><div class=\"dash\"><\/div><div class=\"btSubTitle\">Unsere Gesch\u00e4ftsleistung durch die bewusste Ber\u00fccksichtigung und Steuerung von Risiken im Zusammenhang mit den Prozessen und Produkten verbessert.<\/div><\/header><\/div><\/div><div class=\"btClear btSeparator topExtraSmallSpaced noBorder\" ><hr><\/div><div class=\"servicesItem  btIcoAccentColorIcon btIcoSmallSizeIcon \"><div class=\"sIcon\"><span class=\"btIco btIcoSmallSize btIcoDefaultType btIcoAccentColor btIconCircleShape\"><span  data-ico-es=\"&#xea39;\" class=\"btIcoHolder\"><\/span><\/span><\/div><div class=\"sTxt\"><header class=\"header btClear small\" ><div class=\"dash\"><\/div><div class=\"btSubTitle\">Die Bereiche unserer T\u00e4tigkeit hervorhebt, in denen wir Ziele und entsprechende Aktionspl\u00e4ne festlegen m\u00fcssen, um eine st\u00e4ndige Verbesserung zu erreichen.<\/div><\/header><\/div><\/div><div class=\"btClear btSeparator topSemiSpaced noBorder\" ><hr><\/div><\/div><\/div><div class=\"rowItem col-md-6 col-sm-12 btTextLeft animate animate-fadein btHighlight inherit btDoublePadding btLightSkin\"  data-width=\"6\"><div class=\"rowItemContent\" style = \"background-image: url(); \"><div class=\"bpgPhoto btDefaultHoverType\" ><div class = \"btImage\"><img decoding=\"async\" src=\"https:\/\/instrum.hu\/wp-content\/uploads\/2023\/06\/INST-SGStanusitvany-EN_DE.png\" alt=\"\" title=\"\"><\/div><\/div><\/div><\/div><\/div><\/div><\/div><\/div><\/div><\/section>\n","protected":false},"excerpt":{"rendered":"<p>Bei der Qualit\u00e4t gehen wir keine Kompromisse ein. Wir sind f\u00fcr die Aufrechterhaltung und Verbesserung unseres Qualit\u00e4tsmanagementsystems engagiert.<\/p>\n","protected":false},"author":1,"featured_media":4886,"parent":0,"menu_order":0,"comment_status":"closed","ping_status":"closed","template":"","meta":{"footnotes":""},"class_list":["post-5011","page","type-page","status-publish","has-post-thumbnail","hentry"],"yoast_head":"<!-- This site is optimized with the Yoast SEO plugin v23.8 - https:\/\/yoast.com\/wordpress\/plugins\/seo\/ -->\n<title>Qualit\u00e4t - Instrum<\/title>\n<meta name=\"description\" content=\"Bei der Qualit\u00e4t gehen wir keine Kompromisse ein. Wir sind f\u00fcr die Aufrechterhaltung und Verbesserung unseres Qualit\u00e4tsmanagementsystems engagiert.\" \/>\n<meta name=\"robots\" content=\"index, follow, max-snippet:-1, max-image-preview:large, max-video-preview:-1\" \/>\n<link rel=\"canonical\" href=\"https:\/\/instrum.hu\/de\/qualitaet\/\" \/>\n<meta property=\"og:locale\" content=\"de_DE\" \/>\n<meta property=\"og:type\" content=\"article\" \/>\n<meta property=\"og:title\" content=\"Qualit\u00e4t - Instrum\" \/>\n<meta property=\"og:description\" content=\"Bei der Qualit\u00e4t gehen wir keine Kompromisse ein. Wir sind f\u00fcr die Aufrechterhaltung und Verbesserung unseres Qualit\u00e4tsmanagementsystems engagiert.\" \/>\n<meta property=\"og:url\" content=\"https:\/\/instrum.hu\/de\/qualitaet\/\" \/>\n<meta property=\"og:site_name\" content=\"Instrum\" \/>\n<meta property=\"article:publisher\" content=\"https:\/\/www.facebook.com\/instrum.hu\" \/>\n<meta property=\"article:modified_time\" content=\"2023-06-27T16:49:26+00:00\" \/>\n<meta property=\"og:image\" content=\"https:\/\/instrum.hu\/wp-content\/uploads\/2023\/04\/INST-aloldal-header_A_v1.jpg\" \/>\n\t<meta property=\"og:image:width\" content=\"1800\" \/>\n\t<meta property=\"og:image:height\" content=\"452\" \/>\n\t<meta property=\"og:image:type\" content=\"image\/jpeg\" \/>\n<meta name=\"twitter:card\" content=\"summary_large_image\" \/>\n<meta name=\"twitter:label1\" content=\"Gesch\u00e4tzte Lesezeit\" \/>\n\t<meta name=\"twitter:data1\" content=\"2\u00a0Minuten\" \/>\n<script type=\"application\/ld+json\" class=\"yoast-schema-graph\">{\"@context\":\"https:\/\/schema.org\",\"@graph\":[{\"@type\":\"WebPage\",\"@id\":\"https:\/\/instrum.hu\/de\/qualitaet\/\",\"url\":\"https:\/\/instrum.hu\/de\/qualitaet\/\",\"name\":\"Qualit\u00e4t - Instrum\",\"isPartOf\":{\"@id\":\"https:\/\/instrum.hu\/de\/#website\"},\"primaryImageOfPage\":{\"@id\":\"https:\/\/instrum.hu\/de\/qualitaet\/#primaryimage\"},\"image\":{\"@id\":\"https:\/\/instrum.hu\/de\/qualitaet\/#primaryimage\"},\"thumbnailUrl\":\"https:\/\/instrum.hu\/wp-content\/uploads\/2023\/04\/INST-aloldal-header_A_v1.jpg\",\"datePublished\":\"2016-10-26T07:04:47+00:00\",\"dateModified\":\"2023-06-27T16:49:26+00:00\",\"description\":\"Bei der Qualit\u00e4t gehen wir keine Kompromisse ein. Wir sind f\u00fcr die Aufrechterhaltung und Verbesserung unseres Qualit\u00e4tsmanagementsystems engagiert.\",\"breadcrumb\":{\"@id\":\"https:\/\/instrum.hu\/de\/qualitaet\/#breadcrumb\"},\"inLanguage\":\"de\",\"potentialAction\":[{\"@type\":\"ReadAction\",\"target\":[\"https:\/\/instrum.hu\/de\/qualitaet\/\"]}]},{\"@type\":\"ImageObject\",\"inLanguage\":\"de\",\"@id\":\"https:\/\/instrum.hu\/de\/qualitaet\/#primaryimage\",\"url\":\"https:\/\/instrum.hu\/wp-content\/uploads\/2023\/04\/INST-aloldal-header_A_v1.jpg\",\"contentUrl\":\"https:\/\/instrum.hu\/wp-content\/uploads\/2023\/04\/INST-aloldal-header_A_v1.jpg\",\"width\":1800,\"height\":452},{\"@type\":\"BreadcrumbList\",\"@id\":\"https:\/\/instrum.hu\/de\/qualitaet\/#breadcrumb\",\"itemListElement\":[{\"@type\":\"ListItem\",\"position\":1,\"name\":\"Kezd\u0151lap\",\"item\":\"https:\/\/instrum.hu\/de\/\"},{\"@type\":\"ListItem\",\"position\":2,\"name\":\"Qualit\u00e4t\"}]},{\"@type\":\"WebSite\",\"@id\":\"https:\/\/instrum.hu\/de\/#website\",\"url\":\"https:\/\/instrum.hu\/de\/\",\"name\":\"Instrum\",\"description\":\"CNC hosszeszterg\u00e1l\u00e1s, eszterg\u00e1l\u00e1s, k\u00f6sz\u00f6r\u00fcl\u00e9s - a NAVIGATOR Csoport tagja\",\"publisher\":{\"@id\":\"https:\/\/instrum.hu\/de\/#organization\"},\"potentialAction\":[{\"@type\":\"SearchAction\",\"target\":{\"@type\":\"EntryPoint\",\"urlTemplate\":\"https:\/\/instrum.hu\/de\/?s={search_term_string}\"},\"query-input\":{\"@type\":\"PropertyValueSpecification\",\"valueRequired\":true,\"valueName\":\"search_term_string\"}}],\"inLanguage\":\"de\"},{\"@type\":\"Organization\",\"@id\":\"https:\/\/instrum.hu\/de\/#organization\",\"name\":\"Instrum Kft.\",\"url\":\"https:\/\/instrum.hu\/de\/\",\"logo\":{\"@type\":\"ImageObject\",\"inLanguage\":\"de\",\"@id\":\"https:\/\/instrum.hu\/de\/#\/schema\/logo\/image\/\",\"url\":\"https:\/\/instrum.hu\/wp-content\/uploads\/2023\/04\/INST-logo_v3.png\",\"contentUrl\":\"https:\/\/instrum.hu\/wp-content\/uploads\/2023\/04\/INST-logo_v3.png\",\"width\":700,\"height\":300,\"caption\":\"Instrum Kft.\"},\"image\":{\"@id\":\"https:\/\/instrum.hu\/de\/#\/schema\/logo\/image\/\"},\"sameAs\":[\"https:\/\/www.facebook.com\/instrum.hu\"]}]}<\/script>\n<!-- \/ Yoast SEO plugin. -->","yoast_head_json":{"title":"Qualit\u00e4t - Instrum","description":"Bei der Qualit\u00e4t gehen wir keine Kompromisse ein. Wir sind f\u00fcr die Aufrechterhaltung und Verbesserung unseres Qualit\u00e4tsmanagementsystems engagiert.","robots":{"index":"index","follow":"follow","max-snippet":"max-snippet:-1","max-image-preview":"max-image-preview:large","max-video-preview":"max-video-preview:-1"},"canonical":"https:\/\/instrum.hu\/de\/qualitaet\/","og_locale":"de_DE","og_type":"article","og_title":"Qualit\u00e4t - Instrum","og_description":"Bei der Qualit\u00e4t gehen wir keine Kompromisse ein. Wir sind f\u00fcr die Aufrechterhaltung und Verbesserung unseres Qualit\u00e4tsmanagementsystems engagiert.","og_url":"https:\/\/instrum.hu\/de\/qualitaet\/","og_site_name":"Instrum","article_publisher":"https:\/\/www.facebook.com\/instrum.hu","article_modified_time":"2023-06-27T16:49:26+00:00","og_image":[{"width":1800,"height":452,"url":"https:\/\/instrum.hu\/wp-content\/uploads\/2023\/04\/INST-aloldal-header_A_v1.jpg","type":"image\/jpeg"}],"twitter_card":"summary_large_image","twitter_misc":{"Gesch\u00e4tzte Lesezeit":"2\u00a0Minuten"},"schema":{"@context":"https:\/\/schema.org","@graph":[{"@type":"WebPage","@id":"https:\/\/instrum.hu\/de\/qualitaet\/","url":"https:\/\/instrum.hu\/de\/qualitaet\/","name":"Qualit\u00e4t - Instrum","isPartOf":{"@id":"https:\/\/instrum.hu\/de\/#website"},"primaryImageOfPage":{"@id":"https:\/\/instrum.hu\/de\/qualitaet\/#primaryimage"},"image":{"@id":"https:\/\/instrum.hu\/de\/qualitaet\/#primaryimage"},"thumbnailUrl":"https:\/\/instrum.hu\/wp-content\/uploads\/2023\/04\/INST-aloldal-header_A_v1.jpg","datePublished":"2016-10-26T07:04:47+00:00","dateModified":"2023-06-27T16:49:26+00:00","description":"Bei der Qualit\u00e4t gehen wir keine Kompromisse ein. Wir sind f\u00fcr die Aufrechterhaltung und Verbesserung unseres Qualit\u00e4tsmanagementsystems engagiert.","breadcrumb":{"@id":"https:\/\/instrum.hu\/de\/qualitaet\/#breadcrumb"},"inLanguage":"de","potentialAction":[{"@type":"ReadAction","target":["https:\/\/instrum.hu\/de\/qualitaet\/"]}]},{"@type":"ImageObject","inLanguage":"de","@id":"https:\/\/instrum.hu\/de\/qualitaet\/#primaryimage","url":"https:\/\/instrum.hu\/wp-content\/uploads\/2023\/04\/INST-aloldal-header_A_v1.jpg","contentUrl":"https:\/\/instrum.hu\/wp-content\/uploads\/2023\/04\/INST-aloldal-header_A_v1.jpg","width":1800,"height":452},{"@type":"BreadcrumbList","@id":"https:\/\/instrum.hu\/de\/qualitaet\/#breadcrumb","itemListElement":[{"@type":"ListItem","position":1,"name":"Kezd\u0151lap","item":"https:\/\/instrum.hu\/de\/"},{"@type":"ListItem","position":2,"name":"Qualit\u00e4t"}]},{"@type":"WebSite","@id":"https:\/\/instrum.hu\/de\/#website","url":"https:\/\/instrum.hu\/de\/","name":"Instrum","description":"CNC hosszeszterg\u00e1l\u00e1s, eszterg\u00e1l\u00e1s, k\u00f6sz\u00f6r\u00fcl\u00e9s - a NAVIGATOR Csoport tagja","publisher":{"@id":"https:\/\/instrum.hu\/de\/#organization"},"potentialAction":[{"@type":"SearchAction","target":{"@type":"EntryPoint","urlTemplate":"https:\/\/instrum.hu\/de\/?s={search_term_string}"},"query-input":{"@type":"PropertyValueSpecification","valueRequired":true,"valueName":"search_term_string"}}],"inLanguage":"de"},{"@type":"Organization","@id":"https:\/\/instrum.hu\/de\/#organization","name":"Instrum Kft.","url":"https:\/\/instrum.hu\/de\/","logo":{"@type":"ImageObject","inLanguage":"de","@id":"https:\/\/instrum.hu\/de\/#\/schema\/logo\/image\/","url":"https:\/\/instrum.hu\/wp-content\/uploads\/2023\/04\/INST-logo_v3.png","contentUrl":"https:\/\/instrum.hu\/wp-content\/uploads\/2023\/04\/INST-logo_v3.png","width":700,"height":300,"caption":"Instrum Kft."},"image":{"@id":"https:\/\/instrum.hu\/de\/#\/schema\/logo\/image\/"},"sameAs":["https:\/\/www.facebook.com\/instrum.hu"]}]}},"_links":{"self":[{"href":"https:\/\/instrum.hu\/de\/wp-json\/wp\/v2\/pages\/5011","targetHints":{"allow":["GET"]}}],"collection":[{"href":"https:\/\/instrum.hu\/de\/wp-json\/wp\/v2\/pages"}],"about":[{"href":"https:\/\/instrum.hu\/de\/wp-json\/wp\/v2\/types\/page"}],"author":[{"embeddable":true,"href":"https:\/\/instrum.hu\/de\/wp-json\/wp\/v2\/users\/1"}],"replies":[{"embeddable":true,"href":"https:\/\/instrum.hu\/de\/wp-json\/wp\/v2\/comments?post=5011"}],"version-history":[{"count":2,"href":"https:\/\/instrum.hu\/de\/wp-json\/wp\/v2\/pages\/5011\/revisions"}],"predecessor-version":[{"id":5091,"href":"https:\/\/instrum.hu\/de\/wp-json\/wp\/v2\/pages\/5011\/revisions\/5091"}],"wp:featuredmedia":[{"embeddable":true,"href":"https:\/\/instrum.hu\/de\/wp-json\/wp\/v2\/media\/4886"}],"wp:attachment":[{"href":"https:\/\/instrum.hu\/de\/wp-json\/wp\/v2\/media?parent=5011"}],"curies":[{"name":"wp","href":"https:\/\/api.w.org\/{rel}","templated":true}]}}